{"id":555,"date":"2017-12-13T13:54:20","date_gmt":"2017-12-13T12:54:20","guid":{"rendered":"https:\/\/clubugc.digit.ag\/?page_id=4"},"modified":"2026-03-30T11:40:54","modified_gmt":"2026-03-30T09:40:54","slug":"home","status":"publish","type":"page","link":"https:\/\/www.clubugc.be\/","title":{"rendered":"Accueil"},"content":{"rendered":"<p>[vc_row][vc_column][vc_column_text]<\/p>\n<h1 style=\"text-align: center;\"><\/h1>\n<h1 style=\"text-align: justify;\"><span style=\"color: #fdfeeb;\">United Gundog Club asbl<\/span><\/h1>\n<p style=\"text-align: justify;\">Cr\u00e9\u00e9 en 1985, l\u2019<strong>United Gundog Club<\/strong> a pour vocation premi\u00e8re la formation de conducteurs et leurs compagnons \u00e0 la recherche et au rapport du petit gibier mort ou bless\u00e9.<br \/>\nA cette fin, le club organise des cours, des concours, des formations diverses et des journ\u00e9es de recherche et de rapport.<br \/>\nLes cours couvrent en outre l\u2019\u00e9ducation, l\u2019ob\u00e9issance et la socialisation des chiens de chasse ainsi que les techniques de recherche et de rapport au petit gibier.<\/p>\n<p>Notre club en <a href=\"https:\/\/www.clubugc.be\/#En_Images\">images<\/a>[\/vc_column_text][vc_btn title=\u00a0\u00bbNotre objectif\u00a0\u00bb color=\u00a0\u00bbwhite\u00a0\u00bb link=\u00a0\u00bburl:http%3A%2F%2Fwww.clubugc.be%2Findex.php%2Fle-club%2F|||\u00a0\u00bb][vc_btn title=\u00a0\u00bbNotre histoire\u00a0\u00bb color=\u00a0\u00bbwhite\u00a0\u00bb link=\u00a0\u00bburl:http%3A%2F%2Fwww.clubugc.be%2Findex.php%2Fle-club%2F%23Histoire|||\u00a0\u00bb][vc_btn title=\u00a0\u00bbNotre \u00e9quipe\u00a0\u00bb color=\u00a0\u00bbwhite\u00a0\u00bb link=\u00a0\u00bburl:http%3A%2F%2Fwww.clubugc.be%2Findex.php%2Fle-club%2F%23Equipe|||\u00a0\u00bb][vc_btn title=\u00a0\u00bbAcc\u00e8s membre\u00a0\u00bb color=\u00a0\u00bbwhite\u00a0\u00bb link=\u00a0\u00bburl:http%3A%2F%2Fwww.clubugc.be%2Findex.php%2Fconnexion%2F|||\u00a0\u00bb][\/vc_column][\/vc_row][vc_row][vc_column][vc_separator color=\u00a0\u00bbcustom\u00a0\u00bb accent_color=\u00a0\u00bb#fdfeeb\u00a0\u00bb][\/vc_column][\/vc_row][vc_row][vc_column width=\u00a0\u00bb1\/2&Prime;][vc_column_text]<\/p>\n<h1><span style=\"color: #fdfeeb;\">Notre approche<\/span><\/h1>\n<p style=\"text-align: justify;\"><img loading=\"lazy\" decoding=\"async\" class=\"alignleft\" src=\"https:\/\/www.clubugc.be\/wp-content\/uploads\/2018\/06\/NotreApproche.jpg\" alt=\"\" width=\"476\" height=\"342\" \/><\/p>\n<p>[\/vc_column_text][\/vc_column][vc_column width=\u00a0\u00bb1\/2&Prime;][vc_column_text]<\/p>\n<p style=\"text-align: justify;\">Le Club UGC assure la promotion du chien de chasse de qualit\u00e9 par la mise en oeuvre d\u2019une p\u00e9dagogie centr\u00e9e sur le respect des aptitudes naturelles enrichie d\u2019une grande exp\u00e9rience de la chasse pratique.<\/p>\n<p style=\"text-align: justify;\">Dans ce but, le club propose \u00e0\u00a0ses membres toute une progression de cours, en\u00a0commen\u00e7ant par l\u2019\u00e9ducation du chiot.<\/p>\n<p style=\"text-align: justify;\">Des formations th\u00e9oriques et pratiques sont \u00e9galement organis\u00e9es pour aboutir \u00e0 l\u2019obtention du brevet de conducteur agr\u00e9\u00e9 \u00e0 la recherche au petit gibier.<\/p>\n<p>[\/vc_column_text][\/vc_column][\/vc_row][vc_row][vc_column][vc_btn title=\u00a0\u00bbCours\u00a0\u00bb color=\u00a0\u00bbwhite\u00a0\u00bb link=\u00a0\u00bburl:https%3A%2F%2Fwww.clubugc.be%2Findex.php%2Fapproche%2F|||\u00a0\u00bb][vc_btn title=\u00a0\u00bbFormations\u00a0\u00bb color=\u00a0\u00bbwhite\u00a0\u00bb link=\u00a0\u00bburl:https%3A%2F%2Fwww.clubugc.be%2Findex.php%2Fapproche%2F%23Formations|||\u00a0\u00bb][vc_btn title=\u00a0\u00bbPrix Molitor\u00a0\u00bb color=\u00a0\u00bbwhite\u00a0\u00bb link=\u00a0\u00bburl:https%3A%2F%2Fwww.clubugc.be%2Findex.php%2Fapproche%2F%23Molitor|||\u00a0\u00bb][vc_btn title=\u00a0\u00bbConsignes\u00a0\u00bb color=\u00a0\u00bbwhite\u00a0\u00bb link=\u00a0\u00bburl:https%3A%2F%2Fwww.clubugc.be%2Findex.php%2Fapproche%2F%23Consignes|||\u00a0\u00bb][\/vc_column][\/vc_row][vc_row][vc_column][vc_separator color=\u00a0\u00bbcustom\u00a0\u00bb accent_color=\u00a0\u00bb#fdfeeb\u00a0\u00bb][\/vc_column][\/vc_row][vc_row][vc_column][vc_column_text]<\/p>\n<h1 style=\"text-align: left;\"><span style=\"color: #fdfeeb;\">Nos activit\u00e9s<\/span><\/h1>\n<p style=\"text-align: justify;\"><img loading=\"lazy\" decoding=\"async\" class=\"alignright\" src=\"https:\/\/www.clubugc.be\/wp-content\/uploads\/2018\/06\/UGC_Field4.jpg\" alt=\"\" width=\"493\" height=\"278\" \/>Outre les cours, l&rsquo;UGC organise de tr\u00e8s nombreuses activit\u00e9s pour ses membres et pour d&rsquo;autres participants internationaux, tels des <em>Working Tests<\/em> et <em>Field trials<\/em>.<\/p>\n<p style=\"text-align: justify;\">Chaque ann\u00e9e, des chiens sont r\u00e9compens\u00e9s pour leur travail et re\u00e7oivent diff\u00e9rents prix.<\/p>\n<p style=\"text-align: justify;\">Des sorties sont aussi r\u00e9guli\u00e8rement organis\u00e9es pour les chiens et leurs ma\u00eetres.<\/p>\n<p>[\/vc_column_text][vc_btn title=\u00a0\u00bbTest\u00a0\u00bb color=\u00a0\u00bbwhite\u00a0\u00bb link=\u00a0\u00bburl:http%3A%2F%2Fwww.clubugc.be%2Findex.php%2Factivites%2F|||\u00a0\u00bb][vc_btn title=\u00a0\u00bbConcours\u00a0\u00bb color=\u00a0\u00bbwhite\u00a0\u00bb link=\u00a0\u00bburl:http%3A%2F%2Fwww.clubugc.be%2Findex.php%2Factivites%2F%23Concours|||\u00a0\u00bb][vc_btn title=\u00a0\u00bbD\u00e9monstrations\u00a0\u00bb color=\u00a0\u00bbwhite\u00a0\u00bb link=\u00a0\u00bburl:http%3A%2F%2Fwww.clubugc.be%2Findex.php%2Factivites%2F%23Demo|||\u00a0\u00bb][vc_btn title=\u00a0\u00bbChien de l&rsquo;ann\u00e9e\u00a0\u00bb color=\u00a0\u00bbwhite\u00a0\u00bb link=\u00a0\u00bburl:http%3A%2F%2Fwww.clubugc.be%2Findex.php%2Factivites%2F%23Chien_annee|||\u00a0\u00bb][\/vc_column][\/vc_row][vc_row][vc_column][vc_separator color=\u00a0\u00bbcustom\u00a0\u00bb accent_color=\u00a0\u00bb#fdfeeb\u00a0\u00bb][\/vc_column][\/vc_row][vc_row][vc_column][\/vc_column][\/vc_row][vc_row][vc_column width=\u00a0\u00bb1\/2&Prime;][vc_column_text]<\/p>\n<h1><span style=\"color: #fdfeeb;\">Nous trouver<\/span><\/h1>\n<p>[\/vc_column_text][vc_gallery type=\u00a0\u00bbflexslider_slide\u00a0\u00bb interval=\u00a0\u00bb3&Prime; images=\u00a0\u00bb1580,1604&Prime; img_size=\u00a0\u00bbmedium\u00a0\u00bb onclick=\u00a0\u00bb\u00a0\u00bb][\/vc_column][vc_column width=\u00a0\u00bb1\/2&Prime;][vc_column_text]<\/p>\n<h3><\/h3>\n<h2><span style=\"color: #bdbe8d;\">.<\/span><\/h2>\n<h2>United Gundog Club ASBL<\/h2>\n<p><strong>Adresse du club:<\/strong><br \/>\nRue de la Station, 36<br \/>\n1457 Walhain Saint Paul<\/p>\n<p><strong>Si\u00e8ge social du club:<\/strong><br \/>\nChauss\u00e9e de Wavre, 393<br \/>\n1390\u00a0 Grez-Doiceau<\/p>\n<p><strong>unitedgundogclub@gmail.com<\/strong>[\/vc_column_text][\/vc_column][\/vc_row][vc_row][vc_column][vc_btn title=\u00a0\u00bbItin\u00e9raire\u00a0\u00bb color=\u00a0\u00bbwhite\u00a0\u00bb link=\u00a0\u00bburl:http%3A%2F%2Fwww.clubugc.be%2Findex.php%2Fnous-trouver%2F%23Itineraire|||\u00a0\u00bb][vc_btn title=\u00a0\u00bbGoogle Map\u00a0\u00bb color=\u00a0\u00bbwhite\u00a0\u00bb link=\u00a0\u00bburl:http%3A%2F%2Fwww.clubugc.be%2Findex.php%2Fnous-trouver%2F%23GoogleMap|||\u00a0\u00bb][\/vc_column][\/vc_row][vc_row][vc_column][vc_separator color=\u00a0\u00bbcustom\u00a0\u00bb accent_color=\u00a0\u00bb#fdfeeb\u00a0\u00bb][\/vc_column][\/vc_row][vc_row][vc_column][vc_column_text]<\/p>\n<h1 style=\"text-align: left;\"><span style=\"color: #fdfeeb;\">Nous rejoindre<\/span><\/h1>\n<p style=\"text-align: justify;\"><img loading=\"lazy\" decoding=\"async\" class=\"alignright\" src=\"https:\/\/www.clubugc.be\/wp-content\/uploads\/2018\/07\/FINAL-UGC.png\" alt=\"\" width=\"338\" height=\"248\" \/>Int\u00e9ress\u00e9 ? Passez nous rendre visite un dimanche matin 9h30 (apr\u00e8s nous avoir pr\u00e9venus) sur notre terrain \u00e0 Walhain, vous y rencontrerez l\u2019\u00e9quipe des moniteurs, et profiterez d\u2019un premier cours gratuit.<\/p>\n<p style=\"text-align: justify;\">Si vous souhaitez nous rejoindre, en tant que <strong>nouveau<\/strong> membre de l&rsquo;UGC, il vous suffira de vous inscrire via le\u00a0<a href=\"https:\/\/www.clubugc.be\/index.php\/inscription\/\">formulaire<\/a> en ligne et de verser 80\u20ac sur le compte bancaire n\u00b0 BE59 2710 6101 2426 &#8211; BIC: GEBABEBB plus 7 \u20ac pour l&rsquo;assurance impos\u00e9e par l&rsquo;AdD\/SRSH. Ce montant inclut la cotisation de 12 mois et les cours.<\/p>\n<p>Le co\u00fbt du <strong>renouvellement <\/strong>s&rsquo;\u00e9l\u00e8ve \u00e0 6 \u20ac par mois non couverts par la cotisation de la premi\u00e8re ann\u00e9e.<\/p>\n<p>Pour les <strong>ann\u00e9es suivantes<\/strong>, la cotisation annuelle est de 70\u20ac plus l&rsquo;assurance impos\u00e9e par l&rsquo;AdD\/SRSH.<\/p>\n<p><strong>Pour toute inscription, merci d&rsquo;appeler Guy au 0478\/23.31.66.<\/strong><\/p>\n<div id=\"sconnect-is-installed\" style=\"display: none;\">2.12.0.0<\/div>\n<div id=\"sconnect-is-installed\" style=\"display: none;\">2.12.0.0<\/div>\n<div id=\"ConnectiveDocSignExtentionInstalled\" data-extension-version=\"1.0.4\"><\/div>\n<div id=\"sconnect-is-installed\" style=\"display: none;\">2.12.0.0<\/div>\n<p>[\/vc_column_text][vc_btn title=\u00a0\u00bbNous rejoindre\u00a0\u00bb color=\u00a0\u00bbwhite\u00a0\u00bb link=\u00a0\u00bburl:http%3A%2F%2Fwww.clubugc.be%2Findex.php%2Finscription%2F|||\u00a0\u00bb][vc_separator color=\u00a0\u00bbcustom\u00a0\u00bb accent_color=\u00a0\u00bb#fdfeeb\u00a0\u00bb][\/vc_column][\/vc_row][vc_row][vc_column][vc_column_text]<\/p>\n<h1><span style=\"color: #fdfeeb;\">En images<a id=\"En_Images\"><\/a><\/span><\/h1>\n<p>[\/vc_column_text][\/vc_column][\/vc_row][vc_row][vc_column][vc_tta_accordion color=\u00a0\u00bbwhite\u00a0\u00bb active_section=\u00a0\u00bb1&Prime;][vc_tta_section title=\u00a0\u00bbCours d&rsquo;ob\u00e9issance\u00a0\u00bb tab_id=\u00a0\u00bb1529315748581-dbb97df3-b983&Prime;][vc_media_grid grid_id=\u00a0\u00bbvc_gid:1774862717886-d7410f80-5328-5&Prime; include=\u00a0\u00bb1189,1455,1456,2629,2628,2627&Prime;][\/vc_tta_section][vc_tta_section title=\u00a0\u00bbCours de Chasse\u00a0\u00bb tab_id=\u00a0\u00bb1529315748640-a42c7c49-5b36&Prime;][vc_media_grid grid_id=\u00a0\u00bbvc_gid:1774862717886-17909281-3f76-0&Prime; include=\u00a0\u00bb1199,1200,1201,1204,1252,1253,1729,1728,1727,2452,2451,2450&Prime;][\/vc_tta_section][vc_tta_section title=\u00a0\u00bbTest de Comportement Social\u00a0\u00bb tab_id=\u00a0\u00bb1529316280715-1eede8df-31b3&Prime;][vc_media_grid grid_id=\u00a0\u00bbvc_gid:1774862717886-b8761eff-d3a7-9&Prime; include=\u00a0\u00bb1174,1243,1176&Prime;][\/vc_tta_section][vc_tta_section title=\u00a0\u00bbWorking Tests\u00a0\u00bb tab_id=\u00a0\u00bb1529316346524-9dc83a78-80b1&Prime;][vc_media_grid grid_id=\u00a0\u00bbvc_gid:1774862717887-d8294da7-485f-3&Prime; include=\u00a0\u00bb1938,1716,1717,1718,1719,2165&Prime;][\/vc_tta_section][vc_tta_section title=\u00a0\u00bbField Trials\u00a0\u00bb tab_id=\u00a0\u00bb1529316486559-044503e3-4bdc\u00a0\u00bb][vc_media_grid grid_id=\u00a0\u00bbvc_gid:1774862717887-359f5402-4127-2&Prime; include=\u00a0\u00bb1195,1197,1979,2459,2457&Prime;][\/vc_tta_section][\/vc_tta_accordion][\/vc_column][\/vc_row][vc_row][vc_column][vc_separator color=\u00a0\u00bbcustom\u00a0\u00bb accent_color=\u00a0\u00bb#fdfeeb\u00a0\u00bb][\/vc_column][\/vc_row][vc_row][vc_column][vc_column_text]<\/p>\n<h1><a id=\"Docs_Liens\"><\/a><span style=\"color: #fdfeeb;\">Informations utiles<\/span><\/h1>\n<p>[\/vc_column_text][\/vc_column][\/vc_row][vc_row][vc_column][vc_tta_accordion color=\u00a0\u00bbwhite\u00a0\u00bb active_section=\u00a0\u00bb1&Prime;][vc_tta_section title=\u00a0\u00bbL\u2019UGC dans la Presse\u00a0\u00bb tab_id=\u00a0\u00bb1542233015624-3761901c-caf5&Prime;][vc_column_text]<\/p>\n<ul>\n<li>Article paru dans le magazine \u00ab\u00a0<span style=\"color: #727341;\"><a href=\"https:\/\/www.chasse.be\/services\/chasse-nature\/\" target=\"_blank\" rel=\"noopener noreferrer\">Chasse et Nature<\/a>\u00a0<\/span>\u00bb de Novembre 2018 : <a href=\"https:\/\/www.clubugc.be\/wp-content\/uploads\/2018\/11\/CN-08-novembre-2018-UGC-Chiens-au-service-gibier-pp-49-50.pdf\" target=\"_blank\" rel=\"noopener noreferrer\">vers l&rsquo;article<\/a><\/li>\n<li>Article paru dans le quotidien \u00ab <span style=\"color: #727341;\"><a href=\"https:\/\/www.lavenir.net\" target=\"_blank\" rel=\"noopener noreferrer\">L&rsquo;Avenir<\/a><\/span>\u00bb de Juin 2018 : <a href=\"https:\/\/www.clubugc.be\/wp-content\/uploads\/2018\/11\/Formation-pour-retrouver-le-petit-gibier.pdf\" target=\"_blank\" rel=\"noopener noreferrer\">vers l&rsquo;article<\/a><\/li>\n<li>Article paru dans le magazine \u00ab <span style=\"color: #727341;\"><a href=\"https:\/\/www.eventail.be\/\" target=\"_blank\" rel=\"noopener noreferrer\">L&rsquo;Eventail<\/a><\/span>\u00bb de Septembre 2020 : <a href=\"https:\/\/www.clubugc.be\/wp-content\/uploads\/2021\/04\/EVENTAIL.pdf\" target=\"_blank\" rel=\"noopener noreferrer\">vers l&rsquo;article<\/a><\/li>\n<\/ul>\n<p>[\/vc_column_text][\/vc_tta_section][vc_tta_section title=\u00a0\u00bbLiens\u00a0\u00bb tab_id=\u00a0\u00bb1529305142974-eddb313f-4841&Prime;][vc_column_text]<a href=\"https:\/\/www.srsh.be\/accueil\/\" target=\"_blank\" rel=\"noopener noreferrer\"><img loading=\"lazy\" decoding=\"async\" class=\"alignleft\" src=\"https:\/\/www.clubugc.be\/wp-content\/uploads\/2018\/07\/logo-kmsh-blauw-1.png\" alt=\"\" width=\"127\" height=\"196\" \/><\/a><\/p>\n<p><a href=\"http:\/\/www.kkush.be\/fr\/bienvenu\" target=\"_blank\" rel=\"noopener noreferrer\"><img loading=\"lazy\" decoding=\"async\" class=\"wp-image-1722 alignleft\" src=\"https:\/\/www.clubugc.be\/wp-content\/uploads\/2018\/11\/KUSHUCSH.jpg\" alt=\"\" width=\"157\" height=\"142\" \/><\/a><\/p>\n<p><a href=\"https:\/\/www.chasse.be\" target=\"_blank\" rel=\"noopener noreferrer\"><img loading=\"lazy\" decoding=\"async\" class=\"alignleft\" src=\"https:\/\/www.clubugc.be\/wp-content\/uploads\/2018\/10\/RSHCB-LOGO-2011-jaune-quadri_Page_1.jpg\" alt=\"\" width=\"167\" height=\"167\" \/><\/a><\/p>\n<p><a href=\"https:\/\/www.clubugc.be\/wp-content\/uploads\/2025\/02\/Charte-pour-une-chasse-respectueuse.pdf\" target=\"_blank\" rel=\"noopener\"><img loading=\"lazy\" decoding=\"async\" class=\"alignleft\" src=\"https:\/\/www.clubugc.be\/wp-content\/uploads\/2025\/02\/RSHC-Logo-Chasse-respectueuse-DEF-1.jpg\" alt=\"\" width=\"222\" height=\"111\" \/><\/a>[\/vc_column_text][\/vc_tta_section][vc_tta_section title=\u00a0\u00bbCr\u00e9dits photos\u00a0\u00bb tab_id=\u00a0\u00bb1529305142932-2508e505-f3da\u00a0\u00bb][vc_column_text]With Courtesy of :<\/p>\n<ul>\n<li><a href=\"http:\/\/www.phodel.be\/\" target=\"_blank\" rel=\"noopener noreferrer\">Olivier de Lovinfosse<\/a><\/li>\n<li><a href=\"https:\/\/fr-fr.facebook.com\/JoelleSemalPhotographies\/\" target=\"_blank\" rel=\"noopener noreferrer\">Jo\u00eblle Semal<\/a><\/li>\n<li>Henri Vercruysse<\/li>\n<\/ul>\n<p>Nous remercions chaleureusement toutes les personnes qui nous ont fourni gracieusement les photos pour l\u2019\u00e9laboration de ce site[\/vc_column_text][\/vc_tta_section][\/vc_tta_accordion][\/vc_column][\/vc_row][vc_row][vc_column][vc_column_text]<\/p>\n<div id=\"sconnect-is-installed\" style=\"display: none;\">2.12.0.0<\/div>\n<p>[\/vc_column_text][\/vc_column][\/vc_row][vc_row][vc_column][vc_column_text]<\/p>\n<div id=\"sconnect-is-installed\" style=\"display: none;\">2.12.0.0<\/div>\n<p>[\/vc_column_text][\/vc_column][\/vc_row][vc_row][vc_column][vc_column_text]<\/p>\n<div id=\"ConnectiveDocSignExtentionInstalled\" data-extension-version=\"1.0.4\"><\/div>\n<div id=\"sconnect-is-installed\" style=\"display: none;\">2.12.0.0<\/div>\n<p>[\/vc_column_text][\/vc_column][\/vc_row]<\/p>\n","protected":false},"excerpt":{"rendered":"<p>[vc_row][vc_column][vc_column_text] United Gundog Club asbl Cr\u00e9\u00e9 en 1985, l\u2019United Gundog Club a pour vocation premi\u00e8re la formation de conducteurs et leurs compagnons \u00e0 la recherche&hellip;<\/p>\n","protected":false},"author":6339,"featured_media":0,"parent":0,"menu_order":0,"comment_status":"closed","ping_status":"closed","template":"","meta":{"footnotes":""},"class_list":["post-555","page","type-page","status-publish","hentry"],"_links":{"self":[{"href":"https:\/\/www.clubugc.be\/index.php\/wp-json\/wp\/v2\/pages\/555","targetHints":{"allow":["GET"]}}],"collection":[{"href":"https:\/\/www.clubugc.be\/index.php\/wp-json\/wp\/v2\/pages"}],"about":[{"href":"https:\/\/www.clubugc.be\/index.php\/wp-json\/wp\/v2\/types\/page"}],"author":[{"embeddable":true,"href":"https:\/\/www.clubugc.be\/index.php\/wp-json\/wp\/v2\/users\/6339"}],"replies":[{"embeddable":true,"href":"https:\/\/www.clubugc.be\/index.php\/wp-json\/wp\/v2\/comments?post=555"}],"version-history":[{"count":220,"href":"https:\/\/www.clubugc.be\/index.php\/wp-json\/wp\/v2\/pages\/555\/revisions"}],"predecessor-version":[{"id":3576,"href":"https:\/\/www.clubugc.be\/index.php\/wp-json\/wp\/v2\/pages\/555\/revisions\/3576"}],"wp:attachment":[{"href":"https:\/\/www.clubugc.be\/index.php\/wp-json\/wp\/v2\/media?parent=555"}],"curies":[{"name":"wp","href":"https:\/\/api.w.org\/{rel}","templated":true}]}}