{"id":3569,"date":"2026-03-29T19:41:39","date_gmt":"2026-03-29T17:41:39","guid":{"rendered":"https:\/\/www.clubugc.be\/?page_id=3569"},"modified":"2026-03-29T19:41:39","modified_gmt":"2026-03-29T17:41:39","slug":"prix-molitor-2022","status":"publish","type":"page","link":"https:\/\/www.clubugc.be\/index.php\/prix-molitor-2022\/","title":{"rendered":"Prix Molitor 2022"},"content":{"rendered":"<p>[vc_row gap=\u00a0\u00bb20&Prime; equal_height=\u00a0\u00bbyes\u00a0\u00bb][vc_column css=\u00a0\u00bb.vc_custom_1542878004202{background-position: center !important;background-repeat: no-repeat !important;background-size: cover !important;}\u00a0\u00bb][vc_column_text css=\u00a0\u00bb.vc_custom_1774805801267{padding-right: 35px !important;padding-left: 35px !important;}\u00a0\u00bb]<\/p>\n<p style=\"text-align: left;\"><span style=\"color: #fdfeeb; font-size: 24pt;\">GABY<\/span><\/p>\n<p>[\/vc_column_text][\/vc_column][\/vc_row][vc_row][vc_column][vc_media_grid grid_id=\u00a0\u00bbvc_gid:1774805768776-a9442491-0de6-1&Prime; include=\u00a0\u00bb3173&Prime;][vc_column_text]<strong>Gaby, l\u2019\u00e9patante<\/strong><\/p>\n<p>Quand on me demande de d\u00e9crire Gaby, il y a tout de suite un mot qui me vient \u00e0 l\u2019esprit\u00a0: \u00e9patante\u00a0!<\/p>\n<p>\u00c9patante par sa gourmandise. Au march\u00e9, il n\u2019y a qu\u2019\u00e0 la suivre pour trouver le \u2018stand\u2019 des poulets r\u00f4tis. A moins qu\u2019elle ne plonge sa truffe dans un \u2018caddy\u2019 d\u00e9j\u00e0 bien fourni. \u2018<em>Oh excusez-moi Madame, elle est encore jeune\u2019\u00a0<\/em><em>\ud83d\ude09<\/em><\/p>\n<p>\u00c9patante par son \u00e9merveillement devant un papillon, un oiseau, une fleur, une feuille soulev\u00e9e par le vent. <em>Avec elle je red\u00e9couvre le monde avec des yeux d\u2019enfants.<\/em><\/p>\n<p>\u00c9patante par son go\u00fbt pour la d\u00e9coration int\u00e9rieure. Elle cherche encore et toujours la \u2018bonne place\u2019 pour le paillasson.\u00a0<em>C\u2019est vrai en fait.\u00a0Un paillasson devant la t\u00e9l\u00e9\u00a0; on n\u2019y avait pas pens\u00e9 mais pourquoi pas ? \u00a0\u00a0<\/em><\/p>\n<p>\u00c9patante par sa fibre \u00e9cologique. Gaby n\u2019h\u00e9site pas \u00e0 pr\u00eater\u00a0<em>patte<\/em>\u00a0forte pour garder notre rue \u2018propre\u2019 en me ramassant tous les d\u00e9chets qu\u2019elle trouve pour que je puisse les mettre dans une poubelle.\u00a0<em>L\u2019ordre \u2018tenir\u00a0\u2018 prend ici toute son ampleur.<\/em><\/p>\n<p>\u00c9patante par sa pers\u00e9v\u00e9rance \u00e0 vouloir faire pousser un arbre \u00e0 l\u2019int\u00e9rieur de la maison en me ramenant tous les bouts de bois qu\u2019elle trouve un peu partout.<em>\u00a0Je lui ai racont\u00e9 un jour que c\u2019\u00e9tait mon r\u00eave de vivre dans une maison avec un arbre au milieu\u2026<\/em><\/p>\n<p>Et puis surtout \u00e9patante par sa capacit\u00e9 \u00e0 aimer, vouloir me faire plaisir, \u00e0 essayer de comprendre ce que j\u2019attends d\u2019elle, \u2026 ensemble on avance, on apprend, on recommence\u2026dans la bonne humeur et le respect mutuel.<\/p>\n<p>Le chemin est encore long mais \u2018<em>il n\u2019y a que les routes qui sont belles et peu importe o\u00f9 elles nous m\u00e8nent, oh belle Gaby\u2019.<\/em><\/p>\n<p>Merci de m\u2019avoir accueillie dans ta vie un beau 23 d\u00e9cembre 2020. Tu es le plus merveilleux cadeau de No\u00ebl.<\/p>\n<p>Merci \u00e0 toute l\u2019\u00e9quipe de United Gundog Club pour votre patience, bienveillance et d\u00e9vouement. C\u2019est un r\u00e9el plaisir de vous retrouver tous les dimanches.<\/p>\n<p>\u00c0 bient\u00f4t.<\/p>\n<div id=\"ConnectiveDocSignExtentionInstalled\" data-extension-version=\"1.0.4\"><\/div>\n<div id=\"sconnect-is-installed\" style=\"display: none;\">2.12.0.0<\/div>\n<p>[\/vc_column_text][\/vc_column][\/vc_row][vc_row][vc_column][vc_column_text]<\/p>\n<div id=\"ConnectiveDocSignExtentionInstalled\" data-extension-version=\"1.0.4\"><\/div>\n<div id=\"sconnect-is-installed\" style=\"display: none;\">2.12.0.0<\/div>\n<p>[\/vc_column_text][\/vc_column][\/vc_row]<\/p>\n","protected":false},"excerpt":{"rendered":"<p>[vc_row gap=\u00a0\u00bb20&Prime; equal_height=\u00a0\u00bbyes\u00a0\u00bb][vc_column css=\u00a0\u00bb.vc_custom_1542878004202{background-position: center !important;background-repeat: no-repeat !important;background-size: cover !important;}\u00a0\u00bb][vc_column_text css=\u00a0\u00bb.vc_custom_1774805801267{padding-right: 35px !important;padding-left: 35px !important;}\u00a0\u00bb] GABY [\/vc_column_text][\/vc_column][\/vc_row][vc_row][vc_column][vc_media_grid grid_id=\u00a0\u00bbvc_gid:1774805768776-a9442491-0de6-1&Prime; include=\u00a0\u00bb3173&Prime;][vc_column_text]Gaby, l\u2019\u00e9patante Quand on me demande de&hellip;<\/p>\n","protected":false},"author":6339,"featured_media":0,"parent":0,"menu_order":0,"comment_status":"closed","ping_status":"closed","template":"","meta":{"footnotes":""},"class_list":["post-3569","page","type-page","status-publish","hentry"],"_links":{"self":[{"href":"https:\/\/www.clubugc.be\/index.php\/wp-json\/wp\/v2\/pages\/3569","targetHints":{"allow":["GET"]}}],"collection":[{"href":"https:\/\/www.clubugc.be\/index.php\/wp-json\/wp\/v2\/pages"}],"about":[{"href":"https:\/\/www.clubugc.be\/index.php\/wp-json\/wp\/v2\/types\/page"}],"author":[{"embeddable":true,"href":"https:\/\/www.clubugc.be\/index.php\/wp-json\/wp\/v2\/users\/6339"}],"replies":[{"embeddable":true,"href":"https:\/\/www.clubugc.be\/index.php\/wp-json\/wp\/v2\/comments?post=3569"}],"version-history":[{"count":1,"href":"https:\/\/www.clubugc.be\/index.php\/wp-json\/wp\/v2\/pages\/3569\/revisions"}],"predecessor-version":[{"id":3570,"href":"https:\/\/www.clubugc.be\/index.php\/wp-json\/wp\/v2\/pages\/3569\/revisions\/3570"}],"wp:attachment":[{"href":"https:\/\/www.clubugc.be\/index.php\/wp-json\/wp\/v2\/media?parent=3569"}],"curies":[{"name":"wp","href":"https:\/\/api.w.org\/{rel}","templated":true}]}}