{"id":3548,"date":"2026-03-29T19:42:15","date_gmt":"2026-03-29T17:42:15","guid":{"rendered":"https:\/\/www.clubugc.be\/?page_id=3548"},"modified":"2026-03-29T19:42:15","modified_gmt":"2026-03-29T17:42:15","slug":"prix-molitor-2025","status":"publish","type":"page","link":"https:\/\/www.clubugc.be\/index.php\/prix-molitor-2025\/","title":{"rendered":"Prix Molitor 2025"},"content":{"rendered":"<p>[vc_row gap=\u00a0\u00bb20&Prime; equal_height=\u00a0\u00bbyes\u00a0\u00bb][vc_column css=\u00a0\u00bb.vc_custom_1542878004202{background-position: center !important;background-repeat: no-repeat !important;background-size: cover !important;}\u00a0\u00bb][vc_column_text css=\u00a0\u00bb.vc_custom_1774805029948{padding-right: 35px !important;padding-left: 35px !important;}\u00a0\u00bb]<\/p>\n<p style=\"text-align: left;\"><span style=\"color: #fdfeeb; font-size: 24pt;\">URIAH<\/span><\/p>\n<p>[\/vc_column_text][\/vc_column][\/vc_row][vc_row][vc_column][vc_media_grid grid_id=\u00a0\u00bbvc_gid:1774805016440-52af4a9a-b8b0-5&Prime; include=\u00a0\u00bb3546&Prime;][vc_column_text]<strong>URYAH, Petite femelle Epagneul breton.<\/strong><\/p>\n<p>Origine France dans la Marne (lof)<br \/>\nN\u00e9e en mai 2023.<br \/>\nTr\u00e8s passionn\u00e9e par la chasse, mais un caract\u00e8re bien tremp\u00e9.<br \/>\nFais partie d\u2019un \u00e9quipage de fauconnerie, sa priorit\u00e9 faire plaisir \u00e0 son conducteur et servir l\u2019oiseau \ud83e\udd85<\/p>\n<div id=\"ConnectiveDocSignExtentionInstalled\" data-extension-version=\"1.0.4\"><\/div>\n<div id=\"sconnect-is-installed\" style=\"display: none;\">2.12.0.0<\/div>\n<p>[\/vc_column_text][\/vc_column][\/vc_row][vc_row][vc_column][vc_column_text]<\/p>\n<div id=\"ConnectiveDocSignExtentionInstalled\" data-extension-version=\"1.0.4\"><\/div>\n<div id=\"sconnect-is-installed\" style=\"display: none;\">2.12.0.0<\/div>\n<p>[\/vc_column_text][\/vc_column][\/vc_row]<\/p>\n","protected":false},"excerpt":{"rendered":"<p>[vc_row gap=\u00a0\u00bb20&Prime; equal_height=\u00a0\u00bbyes\u00a0\u00bb][vc_column css=\u00a0\u00bb.vc_custom_1542878004202{background-position: center !important;background-repeat: no-repeat !important;background-size: cover !important;}\u00a0\u00bb][vc_column_text css=\u00a0\u00bb.vc_custom_1774805029948{padding-right: 35px !important;padding-left: 35px !important;}\u00a0\u00bb] URIAH [\/vc_column_text][\/vc_column][\/vc_row][vc_row][vc_column][vc_media_grid grid_id=\u00a0\u00bbvc_gid:1774805016440-52af4a9a-b8b0-5&Prime; include=\u00a0\u00bb3546&Prime;][vc_column_text]URYAH, Petite femelle Epagneul breton. Origine France&hellip;<\/p>\n","protected":false},"author":6339,"featured_media":0,"parent":0,"menu_order":0,"comment_status":"closed","ping_status":"closed","template":"","meta":{"footnotes":""},"class_list":["post-3548","page","type-page","status-publish","hentry"],"_links":{"self":[{"href":"https:\/\/www.clubugc.be\/index.php\/wp-json\/wp\/v2\/pages\/3548","targetHints":{"allow":["GET"]}}],"collection":[{"href":"https:\/\/www.clubugc.be\/index.php\/wp-json\/wp\/v2\/pages"}],"about":[{"href":"https:\/\/www.clubugc.be\/index.php\/wp-json\/wp\/v2\/types\/page"}],"author":[{"embeddable":true,"href":"https:\/\/www.clubugc.be\/index.php\/wp-json\/wp\/v2\/users\/6339"}],"replies":[{"embeddable":true,"href":"https:\/\/www.clubugc.be\/index.php\/wp-json\/wp\/v2\/comments?post=3548"}],"version-history":[{"count":5,"href":"https:\/\/www.clubugc.be\/index.php\/wp-json\/wp\/v2\/pages\/3548\/revisions"}],"predecessor-version":[{"id":3566,"href":"https:\/\/www.clubugc.be\/index.php\/wp-json\/wp\/v2\/pages\/3548\/revisions\/3566"}],"wp:attachment":[{"href":"https:\/\/www.clubugc.be\/index.php\/wp-json\/wp\/v2\/media?parent=3548"}],"curies":[{"name":"wp","href":"https:\/\/api.w.org\/{rel}","templated":true}]}}