{"id":3502,"date":"2026-02-10T11:32:32","date_gmt":"2026-02-10T10:32:32","guid":{"rendered":"https:\/\/www.clubugc.be\/?page_id=3502"},"modified":"2026-03-29T19:10:38","modified_gmt":"2026-03-29T17:10:38","slug":"le-club","status":"publish","type":"page","link":"https:\/\/www.clubugc.be\/index.php\/le-club\/","title":{"rendered":"Le club"},"content":{"rendered":"<p>[vc_row][vc_column][vc_column_text]<\/p>\n<h1><span style=\"color: #fdfeeb;\">Notre objectif<\/span><\/h1>\n<p style=\"text-align: justify;\"><img loading=\"lazy\" decoding=\"async\" class=\"alignleft\" src=\"https:\/\/www.clubugc.be\/wp-content\/uploads\/2018\/07\/Objectif.jpg\" alt=\"\" width=\"339\" height=\"226\" \/>Notre objectif est de former tous les chiens de chasse \u00e0 la recherche et au rapport du petit gibier afin de favoriser l\u2019entente entre chasseurs et ramasseurs et de perdre le moins de gibier possible, conform\u00e9ment \u00e0 l\u2019\u00e9thique de la chasse.<\/p>\n<p style=\"text-align: justify;\">La cyn\u00e9g\u00e9tique et la cynologie sont li\u00e9es depuis la nuit des temps.<\/p>\n<p style=\"text-align: justify;\">Nos chiens ne pourraient \u00eatre performants sans socialisation, ni sans l\u2019apprentissage de bonnes bases d\u2019\u00e9ducation et d\u2019ob\u00e9issance. Des cours sont donc donn\u00e9s tous les dimanches matin, d\u00e8s l\u2019\u00e2ge de 3 mois, principalement aux chiens de chasse qu\u2019il s\u2019agisse de \u00ab rapporteurs \u00bb ou \u00ab leveurs \u00bb de gibier (Retrievers), de \u00ab broussailleurs \u00bb (Springer Spaniels) ou encore de chiens d\u2019arr\u00eat continentaux ou britanniques. Ces \u00e9tapes d\u2019apprentissage sont essentielles dans leur \u00ab formation \u00bb.<\/p>\n<p style=\"text-align: justify;\">La p\u00e9dagogie du club est ax\u00e9e sur le respect des qualit\u00e9s naturelles du chien, enrichie d\u2019une grande exp\u00e9rience de la chasse pratique.<\/p>\n<p style=\"text-align: justify;\">Peu importe l\u2019objectif final poursuivi avec son chien (chasse ou non), notre philosophie est qu\u2019il nous faut r\u00e9pondre au d\u00e9sir de chacun de progresser tant en ob\u00e9issance qu\u2019en socialisation et maintenir les qualit\u00e9s inn\u00e9es de travail de nos chiens.<a id=\"Histoire\"><\/a><\/p>\n<p>[\/vc_column_text][\/vc_column][\/vc_row][vc_row][vc_column][vc_separator color=\u00a0\u00bbcustom\u00a0\u00bb accent_color=\u00a0\u00bb#fdfeeb\u00a0\u00bb][\/vc_column][\/vc_row][vc_row][vc_column][vc_column_text]<\/p>\n<h1 style=\"text-align: justify;\"><span style=\"color: #fdfeeb;\">Notre histoire<\/span><\/h1>\n<p style=\"text-align: justify;\">Un Club canin pas comme les autres\u2026<\/p>\n<p style=\"text-align: justify;\">En juin 1985, Fran\u00e7ois Lebrun, Francis Stache, Marie-No\u00eblle Terlinden et Jacqueline van der Schueren Dev\u00e8ze, quatre \u00e9leveurs de Retrievers, d\u00e9cident de cr\u00e9er l\u2019United Gundog Club (UGC) asbl, dont la vocation premi\u00e8re \u00e9tait de r\u00e9pondre \u00e0 une demande de chasseurs de retrouver le gibier perdu, mais aussi de donner des conseils aux propri\u00e9taires d\u2019autres Retrievers pour mieux les utiliser pour le travail qui est le leur : la recherche et le rapport de petit gibier.<\/p>\n<p style=\"text-align: justify;\">Reconnu par l\u2019Union Royale Cynologique St Hubert (<a href=\"http:\/\/www.kkush.be\/fr\/bienvenu\" target=\"_blank\" rel=\"noopener noreferrer\">U.R.C.S.H.<\/a>), l\u2019UGC s\u2019est \u00e9largi en accueillant tous les propri\u00e9taires de chiens de chasse des <a href=\"http:\/\/www.fci.be\/fr\/Nomenclature\/\" target=\"_blank\" rel=\"noopener noreferrer\">groupes 3, 4, 6, 7 et 8.<\/a><\/p>\n<p style=\"text-align: justify;\">Aujourd\u2019hui encore, le Club se constitue d\u2019un groupe de b\u00e9n\u00e9voles soucieux de faire partager sa passion pour le couple \u00ab ma\u00eetre-chien \u00bb.<\/p>\n<p style=\"text-align: justify;\">L\u2019objectif \u00e9tant toujours de r\u00e9pondre au d\u00e9sir des membres de progresser en ob\u00e9issance avec leur chien, amen\u00e9 \u00e0 \u00eatre un compagnon, mais \u00e9galement de maintenir les qualit\u00e9s naturelles de travail de ces derniers \u00e0 la chasse ou via des concours (<a href=\"https:\/\/www.clubugc.be\/index.php\/concours\/\">Working Tests<\/a> et <a href=\"https:\/\/www.clubugc.be\/index.php\/concours\/#FT\">Field Trials<\/a>).<\/p>\n<p style=\"text-align: justify;\">Si le club peut s\u2019enorgueillir de compter plusieurs champions nationaux et internationaux en travail et en beaut\u00e9, l\u2019essentiel reste l\u2019esprit de partage et le respect des attentes de chacun.<a id=\"Equipe\"><\/a><\/p>\n<p>[\/vc_column_text][\/vc_column][\/vc_row][vc_row][vc_column][vc_separator color=\u00a0\u00bbcustom\u00a0\u00bb accent_color=\u00a0\u00bb#fdfeeb\u00a0\u00bb][\/vc_column][\/vc_row][vc_row][vc_column][vc_column_text]<\/p>\n<h1><span style=\"color: #fdfeeb;\">Notre \u00e9quipe<\/span><\/h1>\n<p style=\"text-align: justify;\">L\u2019UGC \u00e9tant une Association Sans But Lucratif, les membres qui composent le Conseil d\u2019Administration et les moniteurs se rassemblent autour d\u2019un projet commun en y accordant b\u00e9n\u00e9volement temps et \u00e9nergie.<\/p>\n<p style=\"text-align: justify;\">L\u2019\u00e9quipe au complet est garante du bon fonctionnement de l\u2019association et veille \u00e0 fournir les moyens n\u00e9cessaires pour continuer \u00e0 exister sur le long terme notamment en poursuivant les nombreuses activit\u00e9s mises en place depuis la cr\u00e9ation du club.<\/p>\n<p style=\"text-align: justify;\">Toutes et tous, nous sommes passionn\u00e9s par le travail avec notre complice canin, de nature joviale, \u00e0 l\u2019\u00e9coute et tentons d\u2019offrir \u00e0 nos membres des moments privil\u00e9gi\u00e9s avec leur chien.<\/p>\n<p style=\"text-align: justify;\">Administrateurs, moniteurs et membres, nous ne formons qu\u2019une seule \u00e9quipe.<\/p>\n<p style=\"text-align: justify;\">Sans l\u2019un de ces trois ingr\u00e9dients nous ne pourrions exister !<\/p>\n<p>[\/vc_column_text][\/vc_column][\/vc_row][vc_row][vc_column width=\u00a0\u00bb1\/4&Prime;][vc_single_image image=\u00a0\u00bb3180&Prime; img_size=\u00a0\u00bb200&#215;200&Prime; add_caption=\u00a0\u00bbyes\u00a0\u00bb alignment=\u00a0\u00bbcenter\u00a0\u00bb style=\u00a0\u00bbvc_box_circle_2&Prime;][vc_custom_heading text=\u00a0\u00bbCaroline Lecocq\u00a0\u00bb font_container=\u00a0\u00bbtag:h4|text_align:center\u00a0\u00bb use_theme_fonts=\u00a0\u00bbyes\u00a0\u00bb][vc_column_text]<\/p>\n<p style=\"text-align: center;\">Pr\u00e9sidente<\/p>\n<p>[\/vc_column_text][\/vc_column][vc_column width=\u00a0\u00bb1\/4&Prime;][vc_single_image image=\u00a0\u00bb2537&Prime; img_size=\u00a0\u00bb200&#215;200&Prime; add_caption=\u00a0\u00bbyes\u00a0\u00bb alignment=\u00a0\u00bbcenter\u00a0\u00bb style=\u00a0\u00bbvc_box_circle_2&Prime;][vc_custom_heading text=\u00a0\u00bbGuy Meyer\u00a0\u00bb font_container=\u00a0\u00bbtag:h4|text_align:center\u00a0\u00bb use_theme_fonts=\u00a0\u00bbyes\u00a0\u00bb][vc_column_text]<\/p>\n<p style=\"text-align: center;\">Vice-pr\u00e9sident<\/p>\n<p style=\"text-align: center;\">Instructeur Brevet 4B &#8211; SRSH<\/p>\n<p>[\/vc_column_text][\/vc_column][vc_column width=\u00a0\u00bb1\/4&Prime;][vc_single_image image=\u00a0\u00bb3263&Prime; img_size=\u00a0\u00bb200&#215;200&Prime; add_caption=\u00a0\u00bbyes\u00a0\u00bb alignment=\u00a0\u00bbcenter\u00a0\u00bb style=\u00a0\u00bbvc_box_circle_2&Prime;][vc_custom_heading text=\u00a0\u00bbDominique Dony\u00a0\u00bb font_container=\u00a0\u00bbtag:h4|text_align:center\u00a0\u00bb use_theme_fonts=\u00a0\u00bbyes\u00a0\u00bb][vc_column_text]<\/p>\n<p style=\"text-align: center;\">Secr\u00e9taire<\/p>\n<p style=\"text-align: center;\">R\u00e9f\u00e9rent cours ob\u00e9issance<\/p>\n<p style=\"text-align: center;\">Instructrice Brevet 4B &#8211; SRSH<\/p>\n<p>[\/vc_column_text][\/vc_column][vc_column width=\u00a0\u00bb1\/4&Prime;][vc_single_image image=\u00a0\u00bb1961&Prime; img_size=\u00a0\u00bb200&#215;200&Prime; add_caption=\u00a0\u00bbyes\u00a0\u00bb alignment=\u00a0\u00bbcenter\u00a0\u00bb style=\u00a0\u00bbvc_box_circle_2&Prime;][vc_custom_heading text=\u00a0\u00bbMarianne W\u00e9ry\u00a0\u00bb font_container=\u00a0\u00bbtag:h4|text_align:center\u00a0\u00bb use_theme_fonts=\u00a0\u00bbyes\u00a0\u00bb][vc_column_text]<\/p>\n<p style=\"text-align: center;\">Tr\u00e9sori\u00e8re<\/p>\n<p style=\"text-align: center;\">Repr\u00e9sentante section 2A<\/p>\n<p>[\/vc_column_text][\/vc_column][\/vc_row][vc_row][vc_column width=\u00a0\u00bb1\/4&Prime;][vc_single_image image=\u00a0\u00bb1929&Prime; img_size=\u00a0\u00bbfull\u00a0\u00bb alignment=\u00a0\u00bbcenter\u00a0\u00bb style=\u00a0\u00bbvc_box_circle_2&Prime;][vc_custom_heading text=\u00a0\u00bbLuc Weylant\u00a0\u00bb font_container=\u00a0\u00bbtag:h4|text_align:center\u00a0\u00bb use_theme_fonts=\u00a0\u00bbyes\u00a0\u00bb][vc_column_text]<\/p>\n<p style=\"text-align: center;\">Administrateur<\/p>\n<p>[\/vc_column_text][\/vc_column][vc_column width=\u00a0\u00bb1\/4&Prime;][vc_single_image image=\u00a0\u00bb2359&Prime; img_size=\u00a0\u00bbfull\u00a0\u00bb alignment=\u00a0\u00bbcenter\u00a0\u00bb style=\u00a0\u00bbvc_box_circle_2&Prime;][vc_custom_heading text=\u00a0\u00bbMarie-Claire Van Eecke\u00a0\u00bb font_container=\u00a0\u00bbtag:h4|text_align:center\u00a0\u00bb use_theme_fonts=\u00a0\u00bbyes\u00a0\u00bb][vc_column_text]<\/p>\n<p style=\"text-align: center;\"><span style=\"font-size: 12pt;\">Administratrice<\/span><\/p>\n<p style=\"text-align: center;\"><span style=\"font-size: 12pt;\">R\u00e9f\u00e9rent cours chasse<\/span><\/p>\n<p style=\"text-align: center;\">Instructrice Brevet 4B &#8211; SRSH<\/p>\n<p style=\"text-align: center;\">Repr\u00e9sentante UGC &#8211; section 2A et \u00e0 l&rsquo;AdD<\/p>\n<p>[\/vc_column_text][\/vc_column][vc_column width=\u00a0\u00bb1\/4&Prime;][vc_single_image image=\u00a0\u00bb2014&Prime; img_size=\u00a0\u00bbfull\u00a0\u00bb alignment=\u00a0\u00bbcenter\u00a0\u00bb style=\u00a0\u00bbvc_box_circle_2&Prime;][vc_custom_heading text=\u00a0\u00bbGenevi\u00e8ve Chevron\u00a0\u00bb font_container=\u00a0\u00bbtag:h4|text_align:center\u00a0\u00bb use_theme_fonts=\u00a0\u00bbyes\u00a0\u00bb][vc_column_text]<\/p>\n<p style=\"text-align: center;\">Administratrice<\/p>\n<div id=\"sconnect-is-installed\" style=\"display: none;\">2.12.0.0<\/div>\n<p>[\/vc_column_text][\/vc_column][vc_column width=\u00a0\u00bb1\/4&Prime;][vc_single_image image=\u00a0\u00bb2011&Prime; img_size=\u00a0\u00bbfull\u00a0\u00bb alignment=\u00a0\u00bbcenter\u00a0\u00bb style=\u00a0\u00bbvc_box_circle_2&Prime;][vc_custom_heading text=\u00a0\u00bbFrancis Stache\u00a0\u00bb font_container=\u00a0\u00bbtag:h4|text_align:center\u00a0\u00bb use_theme_fonts=\u00a0\u00bbyes\u00a0\u00bb][vc_column_text]<\/p>\n<p style=\"text-align: center;\">Formateur chasse RW &#8211; BPA<\/p>\n<p>[\/vc_column_text][\/vc_column][\/vc_row][vc_row][vc_column width=\u00a0\u00bb1\/4&Prime;][vc_single_image image=\u00a0\u00bb2537&Prime; img_size=\u00a0\u00bb200&#215;200&Prime; add_caption=\u00a0\u00bbyes\u00a0\u00bb alignment=\u00a0\u00bbcenter\u00a0\u00bb style=\u00a0\u00bbvc_box_circle_2&Prime;][vc_custom_heading text=\u00a0\u00bbGuy Meyer\u00a0\u00bb font_container=\u00a0\u00bbtag:h4|text_align:center\u00a0\u00bb use_theme_fonts=\u00a0\u00bbyes\u00a0\u00bb][vc_column_text]<\/p>\n<p style=\"text-align: center;\">Instructeur<\/p>\n<p style=\"text-align: center;\">Brevet 4B &#8211; SRSH<\/p>\n<p>[\/vc_column_text][\/vc_column][vc_column width=\u00a0\u00bb1\/4&Prime;][vc_single_image image=\u00a0\u00bb2561&Prime; img_size=\u00a0\u00bb200&#215;200&Prime; add_caption=\u00a0\u00bbyes\u00a0\u00bb alignment=\u00a0\u00bbcenter\u00a0\u00bb style=\u00a0\u00bbvc_box_circle_2&Prime;][vc_custom_heading text=\u00a0\u00bbDominique Dony\u00a0\u00bb font_container=\u00a0\u00bbtag:h4|text_align:center\u00a0\u00bb use_theme_fonts=\u00a0\u00bbyes\u00a0\u00bb][vc_column_text]<\/p>\n<p style=\"text-align: center;\" align=\"center\">Instructrice<\/p>\n<p style=\"text-align: center;\" align=\"center\">Brevet 4B &#8211; SRSH<\/p>\n<p>[\/vc_column_text][\/vc_column][vc_column width=\u00a0\u00bb1\/4&Prime;][vc_single_image image=\u00a0\u00bb2958&Prime; img_size=\u00a0\u00bb200&#215;200&Prime; add_caption=\u00a0\u00bbyes\u00a0\u00bb alignment=\u00a0\u00bbcenter\u00a0\u00bb style=\u00a0\u00bbvc_box_circle_2&Prime;][vc_custom_heading text=\u00a0\u00bbWilliam Adens\u00a0\u00bb font_container=\u00a0\u00bbtag:h4|text_align:center\u00a0\u00bb use_theme_fonts=\u00a0\u00bbyes\u00a0\u00bb][vc_column_text]<\/p>\n<p style=\"text-align: center;\" align=\"center\">Instructeur<\/p>\n<p style=\"text-align: center;\" align=\"center\">Brevet 4B &#8211; SRSH<\/p>\n<div id=\"sconnect-is-installed\" style=\"display: none;\">2.12.0.0<\/div>\n<p>[\/vc_column_text][\/vc_column][vc_column width=\u00a0\u00bb1\/4&Prime;][vc_single_image image=\u00a0\u00bb3383&Prime; img_size=\u00a0\u00bb200&#215;200&Prime; add_caption=\u00a0\u00bbyes\u00a0\u00bb alignment=\u00a0\u00bbcenter\u00a0\u00bb style=\u00a0\u00bbvc_box_circle_2&Prime;][vc_custom_heading text=\u00a0\u00bbRobert Muratoglu\u00a0\u00bb font_container=\u00a0\u00bbtag:h4|text_align:center\u00a0\u00bb use_theme_fonts=\u00a0\u00bbyes\u00a0\u00bb][vc_column_text]<\/p>\n<p style=\"text-align: center;\">Instructeur<\/p>\n<p style=\"text-align: center;\">Brevet 4B &#8211; SRSH<\/p>\n<p>[\/vc_column_text][\/vc_column][\/vc_row][vc_row][vc_column width=\u00a0\u00bb1\/4&Prime;][vc_single_image image=\u00a0\u00bb1989&Prime; img_size=\u00a0\u00bb200&#215;200&Prime; add_caption=\u00a0\u00bbyes\u00a0\u00bb alignment=\u00a0\u00bbcenter\u00a0\u00bb style=\u00a0\u00bbvc_box_circle_2&Prime;][vc_custom_heading text=\u00a0\u00bbMich\u00e8le Vandersmissen\u00a0\u00bb font_container=\u00a0\u00bbtag:h4|text_align:center\u00a0\u00bb use_theme_fonts=\u00a0\u00bbyes\u00a0\u00bb][vc_column_text]<\/p>\n<p style=\"text-align: center;\">Monitrice occasionnelle<\/p>\n<p>[\/vc_column_text][\/vc_column][vc_column width=\u00a0\u00bb1\/4&Prime;][vc_single_image image=\u00a0\u00bb3364&Prime; img_size=\u00a0\u00bb200&#215;200&Prime; add_caption=\u00a0\u00bbyes\u00a0\u00bb alignment=\u00a0\u00bbcenter\u00a0\u00bb style=\u00a0\u00bbvc_box_circle_2&Prime;][vc_custom_heading text=\u00a0\u00bbFr\u00e9d\u00e9ric Van Reet\u00a0\u00bb font_container=\u00a0\u00bbtag:h4|text_align:center\u00a0\u00bb use_theme_fonts=\u00a0\u00bbyes\u00a0\u00bb][vc_column_text]<\/p>\n<p style=\"text-align: center;\">Moniteur occasionnel<\/p>\n<p>[\/vc_column_text][\/vc_column][vc_column width=\u00a0\u00bb1\/4&Prime;][vc_single_image image=\u00a0\u00bb2330&Prime; img_size=\u00a0\u00bb200&#215;200&Prime; add_caption=\u00a0\u00bbyes\u00a0\u00bb alignment=\u00a0\u00bbcenter\u00a0\u00bb style=\u00a0\u00bbvc_box_circle_2&Prime;][vc_custom_heading text=\u00a0\u00bbFrancis Meurice\u00a0\u00bb font_container=\u00a0\u00bbtag:h4|text_align:center\u00a0\u00bb use_theme_fonts=\u00a0\u00bbyes\u00a0\u00bb][vc_column_text]<\/p>\n<p style=\"text-align: center;\">Moniteur occasionnel<\/p>\n<p>[\/vc_column_text][\/vc_column][vc_column width=\u00a0\u00bb1\/4&Prime;][vc_single_image image=\u00a0\u00bb2159&Prime; img_size=\u00a0\u00bb200&#215;200&Prime; add_caption=\u00a0\u00bbyes\u00a0\u00bb alignment=\u00a0\u00bbcenter\u00a0\u00bb style=\u00a0\u00bbvc_box_circle_2&Prime;][vc_custom_heading text=\u00a0\u00bbJean-Pol Nisin\u00a0\u00bb font_container=\u00a0\u00bbtag:h4|text_align:center\u00a0\u00bb use_theme_fonts=\u00a0\u00bbyes\u00a0\u00bb][vc_column_text]<\/p>\n<p style=\"text-align: center;\">Moniteur occasionnel<\/p>\n<p>[\/vc_column_text][\/vc_column][\/vc_row][vc_row][vc_column width=\u00a0\u00bb1\/4&Prime;][vc_single_image image=\u00a0\u00bb3494&Prime; img_size=\u00a0\u00bb200&#215;200&Prime; add_caption=\u00a0\u00bbyes\u00a0\u00bb alignment=\u00a0\u00bbcenter\u00a0\u00bb style=\u00a0\u00bbvc_box_circle_2&Prime;][vc_custom_heading text=\u00a0\u00bbAnne Delestienne\u00a0\u00bb font_container=\u00a0\u00bbtag:h4|text_align:center\u00a0\u00bb use_theme_fonts=\u00a0\u00bbyes\u00a0\u00bb][vc_column_text]<\/p>\n<p style=\"text-align: center;\">Monitrice 4B<\/p>\n<p>[\/vc_column_text][\/vc_column][vc_column width=\u00a0\u00bb1\/4&Prime;][vc_single_image image=\u00a0\u00bb3552&Prime; img_size=\u00a0\u00bb200&#215;200&Prime; add_caption=\u00a0\u00bbyes\u00a0\u00bb alignment=\u00a0\u00bbcenter\u00a0\u00bb style=\u00a0\u00bbvc_box_circle_2&Prime;][vc_custom_heading text=\u00a0\u00bbAline Etienne\u00a0\u00bb font_container=\u00a0\u00bbtag:h4|text_align:center\u00a0\u00bb use_theme_fonts=\u00a0\u00bbyes\u00a0\u00bb][vc_column_text]<\/p>\n<p style=\"text-align: center;\">Moniteur en formation<\/p>\n<p>[\/vc_column_text][\/vc_column][vc_column width=\u00a0\u00bb1\/4&Prime;][\/vc_column][vc_column width=\u00a0\u00bb1\/4&Prime;][\/vc_column][\/vc_row][vc_row][vc_column width=\u00a0\u00bb1\/4&Prime;][vc_column_text]<\/p>\n<h3><u>Le Conseil d\u2019Administration<\/u><u>\u00a0<\/u><\/h3>\n<p><strong>Pr\u00e9sidente :\u00a0<\/strong>Caroline Lecocq<\/p>\n<p><strong>Vice-Pr\u00e9sident :<\/strong> Guy Meyer<\/p>\n<p><strong>Tr\u00e9sori\u00e8re :\u00a0<\/strong>Marianne W\u00e9ry<\/p>\n<p><strong>Secr\u00e9taire :\u00a0<\/strong>Dominique Dony<\/p>\n<p><strong>Administratrices: <\/strong>Genevi\u00e8ve Chevron\u00a0 et Marie-Claire Van Eecke<\/p>\n<p><strong>Administrateurs : <\/strong>Luc Weylant[\/vc_column_text][\/vc_column][vc_column width=\u00a0\u00bb1\/4&Prime;][vc_column_text]<\/p>\n<h3><u>Les moniteurs<\/u><u>\u00a0<\/u><\/h3>\n<p>Francis Stache<\/p>\n<p>Marie-Claire Van Eecke<\/p>\n<p>Dominique Dony<\/p>\n<p>Guy Meyer<\/p>\n<p>William Adens<\/p>\n<p>Robert Muratoglu<\/p>\n<p>En formation : Aline Etienne[\/vc_column_text][\/vc_column][vc_column width=\u00a0\u00bb1\/4&Prime;][vc_column_text]<\/p>\n<h3><u>Les moniteurs occasionnels<\/u><\/h3>\n<p>Fr\u00e9d\u00e9ric Van Reet<\/p>\n<p>Francis Meurice<\/p>\n<p>Jean-Pol Nisin<\/p>\n<p>Mich\u00e8le Vandersmissen[\/vc_column_text][\/vc_column][vc_column width=\u00a0\u00bb1\/4&Prime;][vc_column_text]<\/p>\n<h3><span style=\"text-decoration: underline;\">Repr\u00e9sentants UGC- section 2A et \u00e0 l\u2019AdD<\/span><\/h3>\n<p>Marie-Claire Van Eecke et Marianne W\u00e9ry[\/vc_column_text][\/vc_column][\/vc_row][vc_row][vc_column][vc_column_text]<\/p>\n<div id=\"ConnectiveDocSignExtentionInstalled\" data-extension-version=\"1.0.4\"><\/div>\n<div id=\"sconnect-is-installed\" style=\"display: none;\">2.12.0.0<\/div>\n<p>[\/vc_column_text][\/vc_column][\/vc_row]<\/p>\n","protected":false},"excerpt":{"rendered":"<p>[vc_row][vc_column][vc_column_text] Notre objectif Notre objectif est de former tous les chiens de chasse \u00e0 la recherche et au rapport du petit gibier afin de favoriser&hellip;<\/p>\n","protected":false},"author":6339,"featured_media":0,"parent":0,"menu_order":0,"comment_status":"closed","ping_status":"closed","template":"","meta":{"footnotes":""},"class_list":["post-3502","page","type-page","status-publish","hentry"],"_links":{"self":[{"href":"https:\/\/www.clubugc.be\/index.php\/wp-json\/wp\/v2\/pages\/3502","targetHints":{"allow":["GET"]}}],"collection":[{"href":"https:\/\/www.clubugc.be\/index.php\/wp-json\/wp\/v2\/pages"}],"about":[{"href":"https:\/\/www.clubugc.be\/index.php\/wp-json\/wp\/v2\/types\/page"}],"author":[{"embeddable":true,"href":"https:\/\/www.clubugc.be\/index.php\/wp-json\/wp\/v2\/users\/6339"}],"replies":[{"embeddable":true,"href":"https:\/\/www.clubugc.be\/index.php\/wp-json\/wp\/v2\/comments?post=3502"}],"version-history":[{"count":15,"href":"https:\/\/www.clubugc.be\/index.php\/wp-json\/wp\/v2\/pages\/3502\/revisions"}],"predecessor-version":[{"id":3559,"href":"https:\/\/www.clubugc.be\/index.php\/wp-json\/wp\/v2\/pages\/3502\/revisions\/3559"}],"wp:attachment":[{"href":"https:\/\/www.clubugc.be\/index.php\/wp-json\/wp\/v2\/media?parent=3502"}],"curies":[{"name":"wp","href":"https:\/\/api.w.org\/{rel}","templated":true}]}}