{"id":3381,"date":"2025-02-12T20:48:52","date_gmt":"2025-02-12T19:48:52","guid":{"rendered":"https:\/\/www.clubugc.be\/?page_id=3381"},"modified":"2025-05-18T22:19:37","modified_gmt":"2025-05-18T20:19:37","slug":"working-test-2","status":"publish","type":"page","link":"https:\/\/www.clubugc.be\/index.php\/working-test-2\/","title":{"rendered":"Working Test &#8211; Ittre &#8211; May 17th, 2025"},"content":{"rendered":"<p>[vc_row][vc_column][vc_tta_accordion active_section=\u00a0\u00bb4&Prime;][vc_tta_section title=\u00a0\u00bbFR\u00a0\u00bb tab_id=\u00a0\u00bb1740333189517-48a2bdca-d41d\u00a0\u00bb][vc_column_text]<img decoding=\"async\" src=\"https:\/\/www.clubugc.be\/wp-content\/uploads\/2025\/05\/Results-Beginners-WT-170525.png\" alt=\"\" \/><\/p>\n<p><img decoding=\"async\" src=\"https:\/\/www.clubugc.be\/wp-content\/uploads\/2025\/05\/Results-Novice-WT-170525.png\" alt=\"\" \/><\/p>\n<p><img decoding=\"async\" src=\"https:\/\/www.clubugc.be\/wp-content\/uploads\/2025\/05\/Results-Open-WT-170525.png\" alt=\"\" \/><\/p>\n<p><strong>Working Test organis\u00e9 le samedi 17\u00a0mai 2025\u00a0<\/strong><\/p>\n<p><strong>Adresse:<\/strong>\u00a0Belgique, Rue de Schoot 2, 1460 Ittre<\/p>\n<p><strong>Juges\u00a0:<\/strong>\u00a0Rob Schmidt (NL) \u2013 Ingrid Schmidt (NL) \u2013 Chantal Goreux (BE) \u2013 Matty Lambden (IRL) \u2013 Richard Stephen King (UK)<\/p>\n<p><strong>Heure\u00a0d\u2019arriv\u00e9e:<\/strong><\/p>\n<p>La comp\u00e9tition d\u00e9marre \u00e0 9h00 pour les Beginners et les Novice.<\/p>\n<p>La comp\u00e9tition d\u00e9marre \u00e0 13h00 pour les Open.<\/p>\n<p><strong>L\u2019inscription<\/strong>\u00a0est fix\u00e9e \u00e0 65\u20ac (40\u20ac pour les membres de l\u2019UGC asbl) \u00e0 payer AVANT le concours sur le compte bancaire\u00a0<strong>BE59 2710 6101 2426<\/strong>\u00a0\u2013\u00a0<strong>BIC GEBABEBB<\/strong>\u00a0\u2013\u00a0United Gundog Club asbl\u00a0\u2013\u00a0Chauss\u00e9e de Wavre 393\u00a0\u2013\u00a01390 Grez-Doiceau\u00a0\u2013\u00a0Belgique.<\/p>\n<p><strong><u>PAS de paiement EN CASH.<\/u><\/strong><\/p>\n<p>Les inscriptions sur Gundogs.be sont cl\u00f4tur\u00e9es le 3 mai 2025.<\/p>\n<p>Dans le pass\u00e9, le paiement des droits d\u2019inscription se faisait uniquement sur place ou au moins apr\u00e8s la cl\u00f4ture des inscriptions. Jusqu\u2019au jour de la cl\u00f4ture, il \u00e9tait possible de se d\u00e9sinscrire gratuitement. En cons\u00e9quence, de nombreux concours ont \u00e9t\u00e9 imm\u00e9diatement complets et le sont rest\u00e9s jusqu\u2019\u00e0 une semaine avant la date limite, quand soudainement de nombreuses personnes se sont d\u00e9sinscrites. Cette situation est probl\u00e9matique pour le club organisateur.<\/p>\n<p>\u00c0 partir de 2023, cela n\u2019est\u00a0plus possible. Lorsque vous vous inscrivez \u00e0 un concours, cela signifie que vous voulez y participer. Une fois votre inscription accept\u00e9e par le club organisateur, vous \u00eates tenu de payer les frais d\u2019inscription. Sans raison valable, il n\u2019est plus possible de se d\u00e9sinscrire gratuitement.<\/p>\n<p>Aucun spectateur ne sera admis sans l\u2019autorisation du club organisateur.<\/p>\n<p>Le carnet de travail du chien vous sera demand\u00e9 avant le concours.<\/p>\n<p>Caf\u00e9s et morceaux de tartes sont pr\u00e9vus pour les participants et inclus dans le prix.<\/p>\n<p>Des hamburgers, hot-dogs, pains saucisses et boudins blancs seront en vente ainsi que des boissons en vente.<\/p>\n<p>A partir du 1 f\u00e9vrier 2024, tout participant \u00e0 un concours est oblig\u00e9 d\u2019avoir un\u00a0<strong>num\u00e9ro de licence<\/strong>.<\/p>\n<p>Pour ce faire, un comp\u00e9titeur belge est oblig\u00e9 d\u2019\u00eatre membre d\u2019un club belge reconnu par l\u2019URCSH. Une petite partie de sa cotisation (7\u20ac) est utilis\u00e9e comme assurance\u00a0et est revers\u00e9e \u00e0 l\u2019AdD.<\/p>\n<p>Par contre pour les comp\u00e9titeurs \u00e9trangers, ils ont 2 possibilit\u00e9s. \u00catre membre d\u2019un club affili\u00e9 \u00e0 l\u2019URCSH ou payer 10\u20ac\u00a0directement\u00a0via l\u2019application MYKKUSH.<\/p>\n<p>Le lien \u00e0 utiliser est\u00a0:<\/p>\n<p><a href=\"https:\/\/www.mykkush.be\/nl\/licenties\/aanvraag\">https:\/\/www.mykkush.be\/nl\/licenties\/aanvraag<\/a><\/p>\n<p>D\u00e8s que vous aurez pay\u00e9\u00a0la premi\u00e8re fois cette licence,\u00a0vous recevrez une\u00a0<strong><u>carte\u00a0\u00e0 conserver<\/u><\/strong>.<\/p>\n<p>Le club organisateur ainsi que le bureau de la section peuvent v\u00e9rifier lors de votre inscription si vous \u00eates bien en ordre de cotisation.[\/vc_column_text][\/vc_tta_section][vc_tta_section title=\u00a0\u00bbNL\u00a0\u00bb tab_id=\u00a0\u00bb1740333184910-8b1937d6-ccbd\u00a0\u00bb][vc_column_text]<strong>Working Test, zaterdag 17\u00a0mei 2025.<\/strong><\/p>\n<p><strong>Adres:<\/strong>\u00a0Belgi\u00eb, Rue de Schoot 2, 1460 Ittre<\/p>\n<p><strong>Keurmeesters<\/strong>\u00a0Rob Schmidt (NL) \u2013 Ingrid Schmidt (NL) \u2013 Chantal Goreux (BE) \u2013 Matty Lambden (IRL) \u2013 Richard Stephen King (UK)<\/p>\n<p><strong>Uur van afspraak:<\/strong><\/p>\n<p>De wedstrijd begint om 09.00u voor Beginners en Novice.<\/p>\n<p>De wedstrijd begint om 13.00u voor Open.<\/p>\n<p><strong>Inschrijvingsgeld<\/strong>\u00a0is 65\u20ac (40\u20ac als lid van United Gundog Club) te betalen VOOR de dag van de wedstrijd op\u00a0<strong>BE59 2710 6101 2426<\/strong>\u00a0\u2013\u00a0<strong>BIC GEBABEBB<\/strong>\u00a0\u2013\u00a0United Gundog Club asbl-\u00a0Chauss\u00e9e de Wavre 393\u00a0\u2013\u00a01390 Grez-Doiceau\u00a0\u2013\u00a0Belgique.<\/p>\n<p><strong><u>GEEN cashbetalingen<\/u><\/strong><strong>.<\/strong><\/p>\n<p>De inschrijven op Gundogs.be zijn op 8\u00a0maart gesloten.<\/p>\n<p>In het verleden was het zo dat de betaling van het inschrijvingsgeld pas gebeurde ter plaatse of in ieder geval na het afsluiten van de inschrijvingen. Tot op de dag van de sluiting kon men kosteloos uitschrijven. Het gevolg hiervan is dat vele wedstrijden dadelijk volzet waren en bleven, tot een week voor de deadline waarna er plots heel veel personen opnieuw annuleren. Dit is problematisch voor de organiserende club.<\/p>\n<p>Vanaf 2023\u00a0is\u00a0dit niet meer\u00a0mogelijk. Wanneer u inschrijft voor een workingtest betekent dit dat u wil meedoen en zodra uw inschrijving is aanvaard door de organiserende club bent u verplicht tot het betalen van het inschrijvingsgeld. Zonder geldige reden is het niet mogelijk om nog kosteloos uit te schrijven.<\/p>\n<p>Alleen de deelnemers dienen aanwezig te zijn. Geen toeschouwers, tenzij u de toelating hebt van de organiserende club.<\/p>\n<p>Werkboekje is verplicht en wordt voor de wedstrijd afgegeven.<\/p>\n<p>Koffies en stukken taart zijn voorzien voor de deelnemers, inbegrepen in de prijs.<\/p>\n<p>Hamburgers, hot-dogs, worstenbroodjes, witte worstjes en dranken zijn voorzien, te kopen.<\/p>\n<p>Vanaf 1 februari 2024 moeten alle deelnemers aan een wedstrijd een\u00a0<strong>licentienummer<\/strong>\u00a0hebben.<\/p>\n<p>Hiervoor moet een Belgische deelnemer lid zijn van een Belgische club die erkend is door de KKUSH. Een klein deel van het lidgeld (\u20ac7) wordt gebruikt als verzekering en wordt betaald door de VdA.<\/p>\n<p>Buitenlandse deelnemers hebben echter 2 opties. Lid zijn van een club die aangesloten is bij de KKUSH of \u20ac10 rechtstreeks betalen via de MYKKUSH applicatie.<\/p>\n<p>De te gebruiken link is :<\/p>\n<p><a href=\"https:\/\/www.mykkush.be\/nl\/licenties\/aanvraag\">https:\/\/www.mykkush.be\/nl\/licenties\/aanvraag<\/a><\/p>\n<p>Zodra je voor de eerste keer voor deze licentie hebt betaald, ontvang je een\u00a0<strong><u>kaart\u00a0te bewaren<\/u><\/strong>\u00a0want je hebt\u00a0deze\u00a0nodig om je in te schrijven voor een wedstrijd in Belgi\u00eb.<\/p>\n<p>De organiserende club en het sectiebureau kunnen bij je inschrijving controleren of je lidmaatschapsgeld in orde is.[\/vc_column_text][\/vc_tta_section][vc_tta_section title=\u00a0\u00bbEN\u00a0\u00bb tab_id=\u00a0\u00bb1740333184917-cd4a9af6-a2fd\u00a0\u00bb][vc_column_text]<strong>Working Test, 17th<sup>\u00a0<\/sup>of May 2025.<\/strong><\/p>\n<p><strong>Address:\u00a0<\/strong>Belgium, Rue de Schoot 2, 1460 Ittre<\/p>\n<p><strong>Judges<\/strong>\u00a0Rob Schmidt (NL) \u2013 Ingrid Schmidt (NL) \u2013 Chantal Goreux (BE) \u2013 Matty Lambden (IRL) \u2013 Richard Stephen King (UK)<\/p>\n<p><strong>Meeting time:<\/strong><\/p>\n<p>The competition starts at 09.00 AM for Beginners and Novice.<\/p>\n<p>The competition starts at 13.00 PM for\u00a0Open.<\/p>\n<p><strong>Entrance fee<\/strong>\u00a0is 40\u20ac for United Gundog Club\u2019s members and 65\u20ac for non-members to be paid BEFORE the day of the competition on the bank account\u00a0<strong>BE59 2710 6101 2426<\/strong>\u00a0\u2013\u00a0<strong>BIC GEBABEBB<\/strong>\u00a0\u2013\u00a0United Gundog Club asbl\u00a0\u2013\u00a0Chauss\u00e9e de Wavre 393\u00a0\u2013\u00a01390 Grez-Doiceau\u00a0\u2013\u00a0Belgique.\u00a0<strong><u>NO Cash allowed<\/u>.<\/strong><\/p>\n<p>Registrations are closed on Gundogs.be since March\u00a09<sup>th<\/sup>.<\/p>\n<p>In the past, entry fees were paid on the day of the competition or at least after the deadline of the entries. Until the day of closure it was possible to cancel your entry without any fees. The result was that a lot of competitions were immediately oversubscribed until a week before the deadline when suddenly a lot of people started to cancel. This is a problem for the organising clubs.<\/p>\n<p>From 2023 this will no longer be possible. When you enter for a working test, this means you want to run and as soon as your entry is accepted by the organising club, you are obligated to pay the entry fee. Canceling your entry without a valid reason is no longer possible.<\/p>\n<p>No spectators unless you have permission from the organizing club.<\/p>\n<p>&nbsp;<\/p>\n<p>Working book will be asked before the competition starts.<\/p>\n<p>Coffee and slices of tart are included in the price.<\/p>\n<p>Hamburgers, hot-dogs, sausage buns, white sausages and drinks will be sold.<\/p>\n<p>From 1st February 2024, all participants in a\u00a0Belgian\u00a0competition will be required to have a\u00a0<strong>license number.<\/strong><\/p>\n<p>To do this, a Belgian competitor must be a member of a Belgian club recognized by the URCSH. A small part of the membership fee (\u20ac7) is used as insurance and is paid to the\u00a0AdD.<\/p>\n<p>However, foreign competitors have 2 options. Be a member of a club affiliated to the URCSH or pay \u20ac10 directly via the MYKKUSH application.<\/p>\n<p>The\u00a0link\u00a0to be used\u00a0is :<\/p>\n<p><a href=\"https:\/\/www.mykkush.be\/nl\/licenties\/aanvraag\">https:\/\/www.mykkush.be\/nl\/licenties\/aanvraag<\/a><\/p>\n<p>Once you have paid for this license for the first time, you will receive a\u00a0<strong><u>card\u00a0to keep,\u00a0<\/u><\/strong>as\u00a0you\u2019ll need it to register for a competition in Belgium.<br \/>\nThe organizing club and the section office can check when you register that your membership fees are in order.[\/vc_column_text][\/vc_tta_section][\/vc_tta_accordion][\/vc_column][\/vc_row]<\/p>\n","protected":false},"excerpt":{"rendered":"<p>[vc_row][vc_column][vc_tta_accordion active_section=\u00a0\u00bb4&Prime;][vc_tta_section title=\u00a0\u00bbFR\u00a0\u00bb tab_id=\u00a0\u00bb1740333189517-48a2bdca-d41d\u00a0\u00bb][vc_column_text] Working Test organis\u00e9 le samedi 17\u00a0mai 2025\u00a0 Adresse:\u00a0Belgique, Rue de Schoot 2, 1460 Ittre Juges\u00a0:\u00a0Rob Schmidt (NL) \u2013 Ingrid Schmidt (NL)&hellip;<\/p>\n","protected":false},"author":6339,"featured_media":0,"parent":0,"menu_order":0,"comment_status":"closed","ping_status":"closed","template":"","meta":{"footnotes":""},"class_list":["post-3381","page","type-page","status-publish","hentry"],"_links":{"self":[{"href":"https:\/\/www.clubugc.be\/index.php\/wp-json\/wp\/v2\/pages\/3381","targetHints":{"allow":["GET"]}}],"collection":[{"href":"https:\/\/www.clubugc.be\/index.php\/wp-json\/wp\/v2\/pages"}],"about":[{"href":"https:\/\/www.clubugc.be\/index.php\/wp-json\/wp\/v2\/types\/page"}],"author":[{"embeddable":true,"href":"https:\/\/www.clubugc.be\/index.php\/wp-json\/wp\/v2\/users\/6339"}],"replies":[{"embeddable":true,"href":"https:\/\/www.clubugc.be\/index.php\/wp-json\/wp\/v2\/comments?post=3381"}],"version-history":[{"count":10,"href":"https:\/\/www.clubugc.be\/index.php\/wp-json\/wp\/v2\/pages\/3381\/revisions"}],"predecessor-version":[{"id":3477,"href":"https:\/\/www.clubugc.be\/index.php\/wp-json\/wp\/v2\/pages\/3381\/revisions\/3477"}],"wp:attachment":[{"href":"https:\/\/www.clubugc.be\/index.php\/wp-json\/wp\/v2\/media?parent=3381"}],"curies":[{"name":"wp","href":"https:\/\/api.w.org\/{rel}","templated":true}]}}