{"id":2399,"date":"2019-01-29T18:24:55","date_gmt":"2019-01-29T17:24:55","guid":{"rendered":"https:\/\/www.clubugc.be\/?page_id=2399"},"modified":"2025-02-23T20:36:53","modified_gmt":"2025-02-23T19:36:53","slug":"working-test-old","status":"publish","type":"page","link":"https:\/\/www.clubugc.be\/index.php\/working-test-old\/","title":{"rendered":"Old Working Test &#8211; Thorembais &#8211; March 22th, 2025"},"content":{"rendered":"<p style=\"font-weight: 300;\"><strong>Working Test organis\u00e9 le samedi 22\u00a0mars 2025\u00a0<\/strong><\/p>\n<p style=\"font-weight: 300;\"><strong>Adresse:<\/strong>\u00a0Belgique, Rue du Long Pont 2, 1360 Perwez (Thorembais-St-Trond)<\/p>\n<p style=\"font-weight: 300;\"><strong>Juges\u00a0:<\/strong>\u00a0Fille Exelmans (BE),\u00a0Chantal Goreux (BE) et Philippe Peiffer (FR).<\/p>\n<p style=\"font-weight: 300;\"><strong>Heure\u00a0d\u2019arriv\u00e9e:<\/strong>\u00a08h30.<\/p>\n<p style=\"font-weight: 300;\">La comp\u00e9tition d\u00e9marre \u00e0 9h00 pour toutes les classes (Beginners, Novice et Open).<\/p>\n<p style=\"font-weight: 300;\"><strong>L\u2019inscription<\/strong>\u00a0est fix\u00e9e \u00e0 65\u20ac (40\u20ac pour les membres de l\u2019UGC asbl) \u00e0 payer AVANT le concours sur le compte bancaire\u00a0<strong>BE59 2710 6101 2426<\/strong>\u00a0&#8211;\u00a0<strong>BIC GEBABEBB<\/strong>\u00a0&#8211;\u00a0United Gundog Club asbl\u00a0&#8211;\u00a0Chauss\u00e9e de Wavre 393\u00a0&#8211;\u00a01390 Grez-Doiceau\u00a0\u2013\u00a0Belgique.<\/p>\n<p style=\"font-weight: 300;\"><strong><u>PAS de paiement EN CASH.<\/u><\/strong><\/p>\n<p style=\"font-weight: 300;\">Les inscriptions sur Gundogs.be sont cl\u00f4tur\u00e9es le 8\u00a0mars 2025.<\/p>\n<p style=\"font-weight: 300;\">Dans le pass\u00e9, le paiement des droits d&rsquo;inscription se faisait uniquement sur place ou au moins apr\u00e8s la cl\u00f4ture des inscriptions. Jusqu&rsquo;au jour de la cl\u00f4ture, il \u00e9tait possible de se d\u00e9sinscrire gratuitement. En cons\u00e9quence, de nombreux concours ont \u00e9t\u00e9 imm\u00e9diatement complets et le sont rest\u00e9s jusqu&rsquo;\u00e0 une semaine avant la date limite, quand soudainement de nombreuses personnes se sont d\u00e9sinscrites. Cette situation est probl\u00e9matique pour le club organisateur.<\/p>\n<p style=\"font-weight: 300;\">\u00c0 partir de 2023, cela n&rsquo;est\u00a0plus possible. Lorsque vous vous inscrivez \u00e0 un concours, cela signifie que vous voulez y participer. Une fois votre inscription accept\u00e9e par le club organisateur, vous \u00eates tenu de payer les frais d&rsquo;inscription. Sans raison valable, il n&rsquo;est plus possible de se d\u00e9sinscrire gratuitement.<\/p>\n<p style=\"font-weight: 300;\">Aucun spectateur ne sera admis sans l\u2019autorisation du club organisateur.<\/p>\n<p style=\"font-weight: 300;\">Le carnet de travail du chien vous sera demand\u00e9 avant le concours.<\/p>\n<p style=\"font-weight: 300;\">Caf\u00e9s et morceaux de tartes sont pr\u00e9vus pour les participants et inclus dans le prix.<\/p>\n<p style=\"font-weight: 300;\"><strong><u>Il n\u2019y a pas de lunch pr\u00e9vu pour les participants\u00a0: chacun est tenu de venir avec son lunch packet.<\/u><\/strong><\/p>\n<p style=\"font-weight: 300;\">Boissons en vente.<\/p>\n<p style=\"font-weight: 300;\">A partir du 1 f\u00e9vrier 2024, tout participant \u00e0 un concours est oblig\u00e9 d\u2019avoir un\u00a0<strong>num\u00e9ro de licence<\/strong>.<\/p>\n<p style=\"font-weight: 300;\">Pour ce faire, un comp\u00e9titeur belge est oblig\u00e9 d\u2019\u00eatre membre d\u2019un club belge reconnu par l\u2019URCSH. Une petite partie de sa cotisation (7\u20ac) est utilis\u00e9e comme assurance\u00a0et est revers\u00e9e \u00e0 l\u2019AdD.<\/p>\n<p style=\"font-weight: 300;\">Par contre pour les comp\u00e9titeurs \u00e9trangers, ils ont 2 possibilit\u00e9s. \u00catre membre d\u2019un club affili\u00e9 \u00e0 l\u2019URCSH ou payer 10\u20ac\u00a0directement\u00a0via l\u2019application MYKKUSH.<\/p>\n<p style=\"font-weight: 300;\">Le lien \u00e0 utiliser est\u00a0:<\/p>\n<p style=\"font-weight: 300;\"><a href=\"https:\/\/www.mykkush.be\/nl\/licenties\/aanvraag\">https:\/\/www.mykkush.be\/nl\/licenties\/aanvraag<\/a><\/p>\n<p style=\"font-weight: 300;\">D\u00e8s que vous aurez pay\u00e9\u00a0la premi\u00e8re fois cette licence,\u00a0vous recevrez une\u00a0<strong><u>carte\u00a0\u00e0 conserver<\/u><\/strong>.<\/p>\n<p style=\"font-weight: 300;\">Le club organisateur ainsi que le bureau de la section peut v\u00e9rifier lors de votre inscription si vous \u00eates bien en ordre de cotisation.<\/p>\n<p style=\"font-weight: 300;\"><strong>Working Test, zaterdag 22\u00a0maart 2025.<\/strong><\/p>\n<p style=\"font-weight: 300;\"><strong>Adres:<\/strong>\u00a0Belgi\u00eb, Rue du Long Pont 2, 1360 Perwez (Thorembais-St-Trond)<\/p>\n<p style=\"font-weight: 300;\"><strong>Keurmeesters<\/strong>\u00a0Fille Exelmans (BE),\u00a0Chantal Goreux (BE) en Philippe Peiffer (FR).<\/p>\n<p style=\"font-weight: 300;\"><strong>Uur van afspraak:<\/strong>\u00a08.30u.<\/p>\n<p style=\"font-weight: 300;\">De wedstrijd begint om 09.00u voor Beginners, Novice en Open Klass.<\/p>\n<p style=\"font-weight: 300;\"><strong>Inschrijvingsgeld<\/strong>\u00a0is 65\u20ac (40\u20ac als lid van United Gundog Club) te betalen VOOR de dag van de wedstrijd op\u00a0<strong>BE59 2710 6101 2426<\/strong>\u00a0&#8211;\u00a0<strong>BIC GEBABEBB<\/strong>\u00a0&#8211;\u00a0United Gundog Club asbl-\u00a0Chauss\u00e9e de Wavre 393\u00a0&#8211;\u00a01390 Grez-Doiceau\u00a0\u2013\u00a0Belgique.<\/p>\n<p style=\"font-weight: 300;\"><strong><u>GEEN cashbetalingen<\/u><\/strong><strong>.<\/strong><\/p>\n<p style=\"font-weight: 300;\">De inschrijven op Gundogs.be zijn op 8\u00a0maart gesloten.<\/p>\n<p style=\"font-weight: 300;\">In het verleden was het zo dat de betaling van het inschrijvingsgeld pas gebeurde ter plaatse of in ieder geval na het afsluiten van de inschrijvingen. Tot op de dag van de sluiting kon men kosteloos uitschrijven. Het gevolg hiervan is dat vele wedstrijden dadelijk volzet waren en bleven, tot een week voor de deadline waarna er plots heel veel personen opnieuw annuleren. Dit is problematisch voor de organiserende club.<\/p>\n<p style=\"font-weight: 300;\">Vanaf 2023\u00a0is\u00a0dit niet meer\u00a0mogelijk. Wanneer u inschrijft voor een workingtest betekent dit dat u wil meedoen en zodra uw inschrijving is aanvaard door de organiserende club bent u verplicht tot het betalen van het inschrijvingsgeld. Zonder geldige reden is het niet mogelijk om nog kosteloos uit te schrijven.<\/p>\n<p style=\"font-weight: 300;\">Alleen de deelnemers dienen aanwezig te zijn. Geen toeschouwers, tenzij u de toelating hebt van de organiserende club.<\/p>\n<p style=\"font-weight: 300;\">Werkboekje is verplicht en wordt voor de wedstrijd afgegeven.<\/p>\n<p style=\"font-weight: 300;\">Koffies en stukken taart zijn voorzien voor de deelnemers, inbegrepen in de prijs.<\/p>\n<p style=\"font-weight: 300;\"><strong><u>GEEN lunch\u00a0voorzien voor de deelnemers\u00a0; jullie moeten uw lunchpakket meenemen.<\/u><\/strong><\/p>\n<p style=\"font-weight: 300;\">Dranken zijn voorzien, te kopen.<\/p>\n<p style=\"font-weight: 300;\">Vanaf 1 februari 2024 moeten alle deelnemers aan een wedstrijd een\u00a0<strong>licentienummer<\/strong>\u00a0hebben.<\/p>\n<p style=\"font-weight: 300;\">Hiervoor moet een Belgische deelnemer lid zijn van een Belgische club die erkend is door de KKUSH. Een klein deel van het lidgeld (\u20ac7) wordt gebruikt als verzekering en wordt betaald aan de VdA.<\/p>\n<p style=\"font-weight: 300;\">Buitenlandse deelnemers hebben echter 2 opties. Lid zijn van een club die aangesloten is bij de KKUSH of \u20ac10 rechtstreeks betalen via de MYKKUSH applicatie.<\/p>\n<p style=\"font-weight: 300;\">De te gebruiken link is :<\/p>\n<p style=\"font-weight: 300;\"><a href=\"https:\/\/www.mykkush.be\/nl\/licenties\/aanvraag\">https:\/\/www.mykkush.be\/nl\/licenties\/aanvraag<\/a><\/p>\n<p style=\"font-weight: 300;\">Zodra je voor de eerste keer voor deze licentie hebt betaald, ontvang je een\u00a0<strong><u>kaart\u00a0te bewaren<\/u><\/strong>\u00a0want je hebt\u00a0deze\u00a0nodig om je in te schrijven voor een wedstrijd in Belgi\u00eb.<\/p>\n<p style=\"font-weight: 300;\">De organiserende club en het sectiebureau kunnen bij je inschrijving controleren of je lidmaatschapsgeld in orde is.<\/p>\n<p style=\"font-weight: 300;\">\u00a0___________________________________________________________________________________________________________<\/p>\n<p>&nbsp;<\/p>\n<p style=\"font-weight: 300;\">Working Test, 22nd<sup>\u00a0<\/sup>of March 2025.<\/p>\n<p style=\"font-weight: 300;\"><strong>Address:\u00a0<\/strong>Belgium, Rue du Long Pont 2, 1360 Perwez (Thorembais-St-Trond)<\/p>\n<p style=\"font-weight: 300;\"><strong>Judges<\/strong>\u00a0Fille Exelmans (BE),\u00a0Chantal Goreux (BE) and Philippe Peiffer (FR).<\/p>\n<p style=\"font-weight: 300;\"><strong>Meeting time:<\/strong>\u00a008.30 AM.<\/p>\n<p style=\"font-weight: 300;\">The competition starts at 09.00 AM for Beginners, Novice and Open classes.<\/p>\n<p style=\"font-weight: 300;\"><strong>Entrance fee<\/strong>\u00a0is 40\u20ac for United Gundog Club\u2019s members and 65\u20ac for non-members to be paid BEFORE the day of the competition on the bank account\u00a0<strong>BE59 2710 6101 2426<\/strong>\u00a0&#8211;\u00a0<strong>BIC GEBABEBB<\/strong>\u00a0&#8211;\u00a0United Gundog Club asbl\u00a0&#8211;\u00a0Chauss\u00e9e de Wavre 393\u00a0&#8211;\u00a01390 Grez-Doiceau\u00a0\u2013\u00a0Belgique.\u00a0<strong><u>NO Cash allowed<\/u>.<\/strong><\/p>\n<p style=\"font-weight: 300;\">Registrations are closed on Gundogs.be since March\u00a09<sup>th<\/sup>.<\/p>\n<p style=\"font-weight: 300;\">In the past, entry fees were paid on the day of the competition or at least after the deadline of the entries. Until the day of closure it was possible to cancel your entry without any fees. The result was that a lot of competitions were immediately oversubscribed until a week before the deadline when suddenly a lot of people started to cancel. This is a problem for the organising clubs.<\/p>\n<p style=\"font-weight: 300;\">From 2023 this will no longer be possible. When you enter for a working test, this means you want to run and as soon as your entry is accepted by the organising club, you are obligated to pay the entry fee. Canceling your entry without a valid reason is no longer possible.<\/p>\n<p style=\"font-weight: 300;\">No spectators unless you have permission from the organizing club.<\/p>\n<p style=\"font-weight: 300;\">Working book will be asked before the competition starts.<\/p>\n<p style=\"font-weight: 300;\">Coffee and slices of tart are included in the price.<\/p>\n<p style=\"font-weight: 300;\"><strong><u>We don\u2019t provide any lunch; please take your lunch packet with you.<\/u><\/strong><\/p>\n<p style=\"font-weight: 300;\">Drinks will be sold.<\/p>\n<p style=\"font-weight: 300;\">From 1 February 2024, all participants in a\u00a0Belgian\u00a0competition will be required to have a\u00a0<strong>license number.<\/strong><\/p>\n<p style=\"font-weight: 300;\">To do this, a Belgian competitor must be a member of a Belgian club recognized by the URCSH. A small part of the membership fee (\u20ac7) is used as insurance and is paid to the\u00a0AdD.<\/p>\n<p style=\"font-weight: 300;\">However, foreign competitors have 2 options. Be a member of a club affiliated to the URCSH or pay \u20ac10 directly via the MYKKUSH application.<\/p>\n<p style=\"font-weight: 300;\">The\u00a0link\u00a0to be used\u00a0is :<\/p>\n<p style=\"font-weight: 300;\"><a href=\"https:\/\/www.mykkush.be\/nl\/licenties\/aanvraag\">https:\/\/www.mykkush.be\/nl\/licenties\/aanvraag<\/a><\/p>\n<p style=\"font-weight: 300;\">Once you have paid for this license for the first time, you will receive a\u00a0<u><strong>card\u00a0<\/strong><\/u><b>to keep,\u00a0<\/b>as\u00a0you&rsquo;ll need it to register for a competition in Belgium.<br \/>\nThe organizing club and the section office can check when you register that your membership fees are in order.<\/p>\n<p>&nbsp;<\/p>\n","protected":false},"excerpt":{"rendered":"<p>Working Test organis\u00e9 le samedi 22\u00a0mars 2025\u00a0 Adresse:\u00a0Belgique, Rue du Long Pont 2, 1360 Perwez (Thorembais-St-Trond) Juges\u00a0:\u00a0Fille Exelmans (BE),\u00a0Chantal Goreux (BE) et Philippe Peiffer (FR).&hellip;<\/p>\n","protected":false},"author":159,"featured_media":0,"parent":0,"menu_order":0,"comment_status":"closed","ping_status":"closed","template":"","meta":{"footnotes":""},"class_list":["post-2399","page","type-page","status-publish","hentry"],"_links":{"self":[{"href":"https:\/\/www.clubugc.be\/index.php\/wp-json\/wp\/v2\/pages\/2399","targetHints":{"allow":["GET"]}}],"collection":[{"href":"https:\/\/www.clubugc.be\/index.php\/wp-json\/wp\/v2\/pages"}],"about":[{"href":"https:\/\/www.clubugc.be\/index.php\/wp-json\/wp\/v2\/types\/page"}],"author":[{"embeddable":true,"href":"https:\/\/www.clubugc.be\/index.php\/wp-json\/wp\/v2\/users\/159"}],"replies":[{"embeddable":true,"href":"https:\/\/www.clubugc.be\/index.php\/wp-json\/wp\/v2\/comments?post=2399"}],"version-history":[{"count":43,"href":"https:\/\/www.clubugc.be\/index.php\/wp-json\/wp\/v2\/pages\/2399\/revisions"}],"predecessor-version":[{"id":3439,"href":"https:\/\/www.clubugc.be\/index.php\/wp-json\/wp\/v2\/pages\/2399\/revisions\/3439"}],"wp:attachment":[{"href":"https:\/\/www.clubugc.be\/index.php\/wp-json\/wp\/v2\/media?parent=2399"}],"curies":[{"name":"wp","href":"https:\/\/api.w.org\/{rel}","templated":true}]}}