{"id":2118,"date":"2018-11-25T10:26:27","date_gmt":"2018-11-25T09:26:27","guid":{"rendered":"https:\/\/www.clubugc.be\/?page_id=2118"},"modified":"2026-03-29T18:15:13","modified_gmt":"2026-03-29T16:15:13","slug":"concours","status":"publish","type":"page","link":"https:\/\/www.clubugc.be\/index.php\/concours\/","title":{"rendered":"Concours"},"content":{"rendered":"<p>[vc_row][vc_column][vc_btn title=\u00a0\u00bbWorking test March 2th, 2026&Prime; link=\u00a0\u00bburl:https%3A%2F%2Fwww.clubugc.be%2Findex.php%2Fworking-test-1|title:Working%20Test%20%E2%80%93%20Thorembais%20%E2%80%93%20March%2021th%2C%202025&Prime;][vc_btn title=\u00a0\u00bbWorking test July 18th, 2026&Prime; link=\u00a0\u00bburl:https%3A%2F%2Fwww.clubugc.be%2Findex.php%2Fworking-test-2|title:Working%20Test%20%E2%80%93%20Ittre%20%E2%80%93%20May%2017th%2C%202025&Prime;][vc_column_text]<\/p>\n<h2 style=\"text-align: justify;\"><img loading=\"lazy\" decoding=\"async\" class=\"wp-image-1731 size-full alignright\" src=\"https:\/\/www.clubugc.be\/wp-content\/uploads\/2018\/11\/IMG_3603-retail.jpg\" alt=\"\" width=\"440\" height=\"261\" srcset=\"https:\/\/www.clubugc.be\/wp-content\/uploads\/2018\/11\/IMG_3603-retail.jpg 440w, https:\/\/www.clubugc.be\/wp-content\/uploads\/2018\/11\/IMG_3603-retail-300x178.jpg 300w\" sizes=\"auto, (max-width: 440px) 100vw, 440px\" \/><span style=\"color: #fdfeeb;\">Working Tests<\/span><\/h2>\n<p style=\"text-align: justify;\">L\u2019UGC organise chaque ann\u00e9e deux Working Tests pour Retrievers dans des domaines wallons remarquables.<\/p>\n<p style=\"text-align: justify;\">Les Working Tests (WT) ont \u00e9t\u00e9 initi\u00e9s par les Britanniques il y a pr\u00e8s de 40 ans, afin de permettre aux conducteurs d\u2019entra\u00eener leurs chiens en dehors de la p\u00e9riode de chasse.<\/p>\n<p style=\"text-align: justify;\">Pour atteindre le niveau de perfection n\u00e9cessit\u00e9 par une comp\u00e9tition telle qu\u2019un WT, les entra\u00eenements doivent \u00eatre r\u00e9guliers tout au long de l\u2019ann\u00e9e.<\/p>\n<p style=\"text-align: justify;\">Les exercices, \u00e9labor\u00e9s par les juges et mimant au mieux des situations pouvant se rencontrer en chasse \u201cr\u00e9elle\u201d, se pratiquent sur \u201cdummies\u201d ou \u201capportables\u201d et ce, sur terre et \u00e0 l\u2019eau.<\/p>\n<p style=\"text-align: justify;\">Ils visent notamment \u00e0 \u00e9valuer le calme du chien au poste (\u201csteady\u201d), sa marche au pied sans laisse (comme en battue), l\u2019ob\u00e9issance \u00e0 son ma\u00eetre, sa propension \u00e0 faire plaisir \u00e0 son ma\u00eetre (\u201cwill to please\u201d) et ses qualit\u00e9s de travail apr\u00e8s le coup de feu. Pour finir, le rapport doit \u00eatre \u00ab efficace \u00bb.<\/p>\n<p style=\"text-align: justify;\">Le juge v\u00e9rifie \u00e9galement que le chien n\u2019a pas la \u201cdent dure\u201d (d\u00e9gradation du dummy).<\/p>\n<p style=\"text-align: justify;\">Les dummies sont soit d\u00e9pos\u00e9s hors vue (\u201cblind\u201d), ce qui permet d\u2019\u00e9valuer l\u2019ob\u00e9issance et l\u2019initiative du chien, soit lanc\u00e9s \u00e0 vue (\u201cmarking\u201d) afin, cette fois, de tester la m\u00e9moire visuelle du chien.<\/p>\n<p style=\"text-align: justify;\">Les chiens sont r\u00e9partis en 3 cat\u00e9gories (d\u00e9butants ou beginners \/ novice \/ open) en fonction de leurs niveaux.<\/p>\n<p style=\"text-align: justify;\">Si vous voulez en savoir plus sur le r\u00e8glement : <a href=\"http:\/\/www.fci.be\/medias\/RET-REG-WTI-fr-587.pdf\">R\u00e8glement de la FCI<\/a><\/p>\n<p style=\"text-align: justify;\">Et pour les r\u00e9sultats : <a href=\"https:\/\/www.gundogs.be\/wedstrijden.php\" target=\"_blank\" rel=\"noopener noreferrer\">www.gundogs.be<\/a><a id=\"FT\"><\/a><\/p>\n<p>[\/vc_column_text][\/vc_column][\/vc_row][vc_row][vc_column][vc_text_separator title=\u00a0\u00bb\u00a0\u00bb color=\u00a0\u00bbcustom\u00a0\u00bb accent_color=\u00a0\u00bb#fdfeeb\u00a0\u00bb][\/vc_column][\/vc_row][vc_row][vc_column][vc_btn title=\u00a0\u00bbNo Field Trial in october 2025&Prime; link=\u00a0\u00bburl:https%3A%2F%2Fwww.clubugc.be%2Findex.php%2Fconcours%2F|title:Field%20%3A%20resultats%20et%20photos\u00a0\u00bb][vc_btn title=\u00a0\u00bbField Trial 30 november 2025&Prime; link=\u00a0\u00bburl:https%3A%2F%2Fwww.clubugc.be%2Findex.php%2Ffields-resultats-et-photos-2%2F|title:Field%20Trial%20Novice-%20Thorembais%20%E2%80%93%20October%2016th%2C%202021&Prime;][vc_column_text]<\/p>\n<h2><span style=\"color: #fdfeeb;\">Field Trials<\/span><\/h2>\n<p style=\"font-weight: 400;\"><img decoding=\"async\" class=\"alignright\" src=\"https:\/\/www.clubugc.be\/wp-content\/uploads\/2018\/06\/UGC_Field6.jpg\" alt=\"\" \/><\/p>\n<p>&nbsp;<\/p>\n<p style=\"font-weight: 400; text-align: justify;\">Le club UGC organise deux Field Trials (FT) pour Retrievers par an, dans les cat\u00e9gories \u2018Novice Field Trial\u2018 et \u2018Open Field Trial\u2018.<\/p>\n<p style=\"font-weight: 400; text-align: justify;\">Ce concours d\u2019origine anglaise est destin\u00e9 \u00e0 s\u00e9lectionner les meilleurs chiens de chasse pour l\u2019\u00e9levage.<\/p>\n<p style=\"font-weight: 400; text-align: justify;\">Les FT sont des concours en campagne o\u00f9 les petits gibiers sont naturellement tir\u00e9s (canards, faisans, perdrix), en battue ou \u00e0 la botte.<\/p>\n<p style=\"font-weight: 400; text-align: justify;\">Les \u00e9preuves permettent de juger les qualit\u00e9s naturelles du chien.<\/p>\n<p style=\"font-weight: 400; text-align: justify;\">Il existe par ailleurs des FT pour d\u2019autres chiens de chasse comme les Chiens d\u2019Arr\u00eat de race britannique et continentale ou les Spaniels.<\/p>\n<p style=\"font-weight: 400; text-align: justify;\">Si vous voulez en savoir plus sur le r\u00e8glement :\u00a0\u00a0<a href=\"https:\/\/www.clubugc.be\/wp-content\/uploads\/2018\/06\/FT_rules-AG-02_2014.pdf\" target=\"_blank\" rel=\"noopener noreferrer\">R\u00e8glement de l&rsquo;URCSH<\/a><\/p>\n<p style=\"font-weight: 400; text-align: justify;\">Et pour les r\u00e9sultats :\u00a0<a href=\"http:\/\/www.gundogs.be\">www.gundogs.be<\/a><\/p>\n<p>[\/vc_column_text][\/vc_column][\/vc_row]<\/p>\n","protected":false},"excerpt":{"rendered":"<p>[vc_row][vc_column][vc_btn title=\u00a0\u00bbWorking test March 2th, 2026&Prime; link=\u00a0\u00bburl:https%3A%2F%2Fwww.clubugc.be%2Findex.php%2Fworking-test-1|title:Working%20Test%20%E2%80%93%20Thorembais%20%E2%80%93%20March%2021th%2C%202025&Prime;][vc_btn title=\u00a0\u00bbWorking test July 18th, 2026&Prime; link=\u00a0\u00bburl:https%3A%2F%2Fwww.clubugc.be%2Findex.php%2Fworking-test-2|title:Working%20Test%20%E2%80%93%20Ittre%20%E2%80%93%20May%2017th%2C%202025&Prime;][vc_column_text] Working Tests L\u2019UGC organise chaque ann\u00e9e deux Working Tests pour Retrievers dans&hellip;<\/p>\n","protected":false},"author":6339,"featured_media":0,"parent":0,"menu_order":0,"comment_status":"closed","ping_status":"closed","template":"","meta":{"footnotes":""},"class_list":["post-2118","page","type-page","status-publish","hentry"],"_links":{"self":[{"href":"https:\/\/www.clubugc.be\/index.php\/wp-json\/wp\/v2\/pages\/2118","targetHints":{"allow":["GET"]}}],"collection":[{"href":"https:\/\/www.clubugc.be\/index.php\/wp-json\/wp\/v2\/pages"}],"about":[{"href":"https:\/\/www.clubugc.be\/index.php\/wp-json\/wp\/v2\/types\/page"}],"author":[{"embeddable":true,"href":"https:\/\/www.clubugc.be\/index.php\/wp-json\/wp\/v2\/users\/6339"}],"replies":[{"embeddable":true,"href":"https:\/\/www.clubugc.be\/index.php\/wp-json\/wp\/v2\/comments?post=2118"}],"version-history":[{"count":47,"href":"https:\/\/www.clubugc.be\/index.php\/wp-json\/wp\/v2\/pages\/2118\/revisions"}],"predecessor-version":[{"id":3540,"href":"https:\/\/www.clubugc.be\/index.php\/wp-json\/wp\/v2\/pages\/2118\/revisions\/3540"}],"wp:attachment":[{"href":"https:\/\/www.clubugc.be\/index.php\/wp-json\/wp\/v2\/media?parent=2118"}],"curies":[{"name":"wp","href":"https:\/\/api.w.org\/{rel}","templated":true}]}}