{"id":1844,"date":"2018-11-11T14:14:12","date_gmt":"2018-11-11T13:14:12","guid":{"rendered":"https:\/\/www.clubugc.be\/?page_id=1844"},"modified":"2026-03-29T19:48:26","modified_gmt":"2026-03-29T17:48:26","slug":"approche","status":"publish","type":"page","link":"https:\/\/www.clubugc.be\/index.php\/approche\/","title":{"rendered":"Approche"},"content":{"rendered":"<p>[vc_row][vc_column][vc_column_text]<\/p>\n<h1><span style=\"color: #fdfeeb;\">Nos cours<\/span><\/h1>\n<p>[\/vc_column_text][\/vc_column][\/vc_row][vc_row css=\u00a0\u00bb.vc_custom_1545409233380{margin-bottom: 10px !important;border-top-width: 1px !important;border-right-width: 1px !important;border-bottom-width: 1px !important;border-left-width: 1px !important;background-color: #727341 !important;border-left-color: #fdfeeb !important;border-left-style: solid !important;border-right-color: #fdfeeb !important;border-right-style: solid !important;border-top-color: #fdfeeb !important;border-top-style: solid !important;border-bottom-color: #fdfeeb !important;border-bottom-style: solid !important;border-radius: 4px !important;}\u00a0\u00bb][vc_column][vc_column_text]<\/p>\n<h1 class=\"vc_custom_heading vc_custom_1529408795540\" style=\"text-align: center;\"><span style=\"color: #fdfeeb;\">Niveau 0<\/span><\/h1>\n<div class=\"wpb_text_column wpb_content_element vc_custom_1529408738928\">\n<div class=\"wpb_wrapper\">\n<h2 style=\"text-align: center;\"><span style=\"color: #ffffff;\">Premi\u00e8re rencontre<\/span><\/h2>\n<h2 style=\"text-align: center;\"><span style=\"color: #ffffff; font-size: 12pt;\">Nouveaux membres \u00e0 9h00 sur rendez-vous<\/span><\/h2>\n<p style=\"text-align: center;\"><span style=\"font-family: georgia, palatino, serif; color: #ffffff;\">Chiots de 9h30 \u00e0 10h30\u00a0<\/span><\/p>\n<p style=\"text-align: center;\"><span style=\"color: #ffffff;\">au Club House\u00a0<\/span><\/p>\n<p style=\"text-align: justify;\"><span style=\"background-color: #00ff00;\"><img loading=\"lazy\" decoding=\"async\" class=\"\" src=\"https:\/\/www.clubugc.be\/wp-content\/uploads\/2023\/02\/photo-site-puppy.jpg\" alt=\"\" width=\"244\" height=\"365\" \/><\/span><img loading=\"lazy\" decoding=\"async\" class=\"alignright\" src=\"https:\/\/www.clubugc.be\/wp-content\/uploads\/2023\/02\/photo-site-puppy2.jpg\" alt=\"\" width=\"243\" height=\"365\" \/><\/p>\n<\/div>\n<\/div>\n<div id=\"sconnect-is-installed\" style=\"display: none; text-align: left;\">2.12.0.0<img decoding=\"async\" src=\"https:\/\/www.clubugc.be\/wp-content\/uploads\/2023\/02\/photo-site-puppy2.jpg\" alt=\"\" \/><\/div>\n<p>[\/vc_column_text][\/vc_column][\/vc_row][vc_row css=\u00a0\u00bb.vc_custom_1545409233380{margin-bottom: 10px !important;border-top-width: 1px !important;border-right-width: 1px !important;border-bottom-width: 1px !important;border-left-width: 1px !important;background-color: #727341 !important;border-left-color: #fdfeeb !important;border-left-style: solid !important;border-right-color: #fdfeeb !important;border-right-style: solid !important;border-top-color: #fdfeeb !important;border-top-style: solid !important;border-bottom-color: #fdfeeb !important;border-bottom-style: solid !important;border-radius: 4px !important;}\u00a0\u00bb][vc_column][vc_column_text]<\/p>\n<h1 class=\"vc_custom_heading vc_custom_1529408795540\" style=\"text-align: center;\"><span style=\"color: #fdfeeb;\">Niveau 1<\/span><\/h1>\n<div class=\"wpb_text_column wpb_content_element vc_custom_1529408738928\">\n<div class=\"wpb_wrapper\">\n<h2 style=\"text-align: center;\"><span style=\"color: #fdfeeb;\">Cours d&rsquo;ob\u00e9issance<\/span><\/h2>\n<p style=\"text-align: center;\"><span style=\"color: #fdfeeb;\">pour\u00a0 chiens d\u00e9butants<\/span><\/p>\n<p style=\"text-align: center;\"><span style=\"color: #fdfeeb;\">le\u00a0<strong>dimanche de 10h30 \u00e0 11h30<\/strong><\/span><\/p>\n<p style=\"text-align: center;\"><span style=\"color: #fdfeeb;\">au Club House<\/span><\/p>\n<p><img loading=\"lazy\" decoding=\"async\" class=\"aligncenter\" src=\"https:\/\/www.clubugc.be\/wp-content\/uploads\/2018\/06\/UGC_Cours1-chiots.jpg\" alt=\"\" width=\"610\" height=\"332\" \/><\/p>\n<\/div>\n<\/div>\n<div id=\"sconnect-is-installed\" style=\"display: none;\">2.12.0.0<\/div>\n<div id=\"sconnect-is-installed\" style=\"display: none;\">2.12.0.0<\/div>\n<div id=\"sconnect-is-installed\" style=\"display: none;\">2.12.0.0<\/div>\n<p>[\/vc_column_text][\/vc_column][\/vc_row][vc_row css=\u00a0\u00bb.vc_custom_1545409285119{margin-bottom: 10px !important;border-top-width: 1px !important;border-right-width: 1px !important;border-bottom-width: 1px !important;border-left-width: 1px !important;background-color: #727341 !important;border-left-color: #fdfeeb !important;border-left-style: solid !important;border-right-color: #fdfeeb !important;border-right-style: solid !important;border-top-color: #fdfeeb !important;border-top-style: solid !important;border-bottom-color: #fdfeeb !important;border-bottom-style: solid !important;border-radius: 4px !important;}\u00a0\u00bb][vc_column][vc_column_text]<\/p>\n<h1 class=\"vc_custom_heading vc_custom_1529408922724\" style=\"text-align: center;\"><span style=\"color: #fdfeeb;\">Niveau 2<\/span><\/h1>\n<div class=\"wpb_text_column wpb_content_element vc_custom_1529408949736\">\n<div class=\"wpb_wrapper\">\n<h2 style=\"text-align: center;\"><span style=\"color: #fdfeeb;\">Cours d\u2019ob\u00e9issance<\/span><\/h2>\n<p style=\"text-align: center;\"><span style=\"color: #fdfeeb;\">pour chiens avanc\u00e9s<\/span><\/p>\n<p style=\"text-align: center;\"><span style=\"color: #fdfeeb;\">le\u00a0<strong>dimanche de 11h30 \u00e0 12h30<\/strong><\/span><\/p>\n<p style=\"text-align: center;\"><span style=\"color: #fdfeeb;\">au Club House<\/span><\/p>\n<p><img loading=\"lazy\" decoding=\"async\" class=\"aligncenter\" src=\"https:\/\/www.clubugc.be\/wp-content\/uploads\/2018\/10\/Cours_Niveau2-1280x768-MSI.jpg\" alt=\"\" width=\"584\" height=\"438\" \/><\/p>\n<\/div>\n<\/div>\n<div id=\"sconnect-is-installed\" style=\"display: none;\">2.12.0.0<\/div>\n<p>[\/vc_column_text][\/vc_column][\/vc_row][vc_row css=\u00a0\u00bb.vc_custom_1545409436978{border-top-width: 1px !important;border-right-width: 1px !important;border-bottom-width: 1px !important;border-left-width: 1px !important;background-color: #727341 !important;border-left-color: #fdfeeb !important;border-left-style: solid !important;border-right-color: #fdfeeb !important;border-right-style: solid !important;border-top-color: #fdfeeb !important;border-top-style: solid !important;border-bottom-color: #fdfeeb !important;border-bottom-style: solid !important;border-radius: 4px !important;}\u00a0\u00bb][vc_column][vc_column_text]<\/p>\n<h1 class=\"vc_custom_heading vc_custom_1529409048216\" style=\"text-align: center;\"><span style=\"color: #fdfeeb;\">Niveau 3<\/span><\/h1>\n<div class=\"wpb_text_column wpb_content_element vc_custom_1534676879973\">\n<div class=\"wpb_wrapper\">\n<h2 style=\"text-align: center;\"><span style=\"color: #fdfeeb;\">Cours sp\u00e9cifique chasse<\/span><\/h2>\n<p style=\"text-align: center;\"><span style=\"color: #fdfeeb;\">pour chiens d\u00e9butants et confirm\u00e9s<\/span><\/p>\n<p style=\"text-align: center;\"><span style=\"color: #ffffff;\">le samedi matin<\/span><\/p>\n<p style=\"text-align: center;\"><span style=\"color: #fdfeeb;\">sur diff\u00e9rents terrains<\/span><br \/>\n<span style=\"color: #fdfeeb;\">(bois, \u00e9tangs, plaines, \u2026)<\/span><\/p>\n<p><img loading=\"lazy\" decoding=\"async\" class=\"aligncenter\" src=\"https:\/\/www.clubugc.be\/wp-content\/uploads\/2018\/07\/Cours_chasse_23062018K.jpg\" alt=\"\" width=\"592\" height=\"333\" \/><\/p>\n<\/div>\n<\/div>\n<p>[\/vc_column_text][\/vc_column][\/vc_row][vc_row][vc_column][vc_column_text]<\/p>\n<p style=\"text-align: justify;\">Les cours d\u2019ob\u00e9issance sont donn\u00e9s par des instructeurs dipl\u00f4m\u00e9s et b\u00e9n\u00e9voles. Ils se tiennent principalement sur le terrain de notre <a href=\"https:\/\/www.clubugc.be\/index.php\/nous-trouver\/\">Club House<\/a>.<\/p>\n<p style=\"text-align: justify;\">L\u2019\u00e9ducation du chiot est un passage oblig\u00e9 essentiel dans le bon d\u00e9veloppement de l\u2019animal et il convient de d\u00e9buter le plus t\u00f4t possible. Ce travail d\u2019\u00e9ducation \u00e9tant rigoureux, il est recommand\u00e9 aux conducteurs de le poursuivre entre les cours, \u00e0 la maison, afin d\u2019obtenir les meilleurs r\u00e9sultats. En effet, le passage du <em>niveau 1<\/em> au <em>niveau 2<\/em> est d\u00e9cid\u00e9 par les instructeurs en fonction des progr\u00e8s du chien. En travaillant 10 minutes par jour les nouveaux ordres appris aux cours, vous constaterez avec joie que votre chien fera des progr\u00e8s rapidement. Les membres non chasseurs terminent alors \u00e0 la fin du <em>niveau 2<\/em>, ils auront ainsi acquis les bases pour vivre en bonne harmonie avec leur chien en famille et ce, pour de tr\u00e8s longues ann\u00e9es.<\/p>\n<p style=\"text-align: justify;\">Le <em>niveau 3<\/em> concerne le travail sp\u00e9cifique \u00e0 la chasse. Il pr\u00e9pare les conducteurs et leurs chiens \u00e0 la recherche et au rapport (picking-up) du petit gibier tir\u00e9, au sol et \u00e0 l\u2019eau.<\/p>\n<p style=\"text-align: justify;\">Pour en savoir plus sur les exercices \u00e0 r\u00e9ussir pour passer d&rsquo;un niveau \u00e0 l&rsquo;autre : cliquez <a href=\"https:\/\/www.clubugc.be\/?page_id=2470&amp;preview=true\"><b><u>ici<\/u><\/b><\/a>.<\/p>\n<p style=\"text-align: justify;\">Une excellente base d\u2019ob\u00e9issance sera obligatoire avant toute autre \u00e9ducation au travail sp\u00e9cifique du chien de chasse. Le rappel, le rapport d\u2019apportables, le \u00ab\u00a0steady\u00a0\u00bb et le calme au poste seront une base indispensable pour progresser dans cette discipline et profiter pleinement des qualit\u00e9s naturelles de votre compagnon de chasse.<\/p>\n<p style=\"text-align: justify;\">Les exercices progressifs sont entre-autres bas\u00e9s sur le \u00ab\u00a0marking\u00a0\u00bb \u00e0 l\u2019eau et au sol, les directions et la remise en mains.<\/p>\n<p style=\"text-align: justify;\">Ces cours sont donn\u00e9s sur des terrains vari\u00e9s (dont \u00e9tangs, plaines et bois) afin que les chiens soient capables de travailler dans tous les environnements.<\/p>\n<p style=\"text-align: justify;\">Quelques <a href=\"https:\/\/www.clubugc.be\/index.php\/approche\/#Consignes\">consignes<\/a> vous sont donn\u00e9es pour assurer le bon d\u00e9roulement des cours.<\/p>\n<p style=\"text-align: justify;\">Le prix des cours est couvert par la cotisation annuelle qui est de 80 \u20ac la premi\u00e8re ann\u00e9e en cours + 7 \u20ac d&rsquo;assurance et 70 \u20ac les ann\u00e9es suivantes plus assurance.<img loading=\"lazy\" decoding=\"async\" class=\"aligncenter\" src=\"https:\/\/www.clubugc.be\/wp-content\/uploads\/2018\/11\/soutien2_v_fr.jpg\" alt=\"\" width=\"123\" height=\"151\" \/><a id=\"Formations\"><\/a><\/p>\n<div id=\"sconnect-is-installed\" style=\"display: none;\">2.12.0.0<\/div>\n<div id=\"ConnectiveDocSignExtentionInstalled\" data-extension-version=\"1.0.4\"><\/div>\n<p>[\/vc_column_text][vc_text_separator title=\u00a0\u00bb\u00a0\u00bb color=\u00a0\u00bbcustom\u00a0\u00bb accent_color=\u00a0\u00bb#fdfeeb\u00a0\u00bb][vc_column_text]<\/p>\n<h1><span style=\"color: #fdfeeb;\">Nos formations<\/span><\/h1>\n<p style=\"text-align: justify;\">Depuis 24 ans, l&rsquo;UGC propose une fois l&rsquo;an, un s\u00e9minaire de formation \u00ab\u00a0Recherche petit gibier avec chien\u00a0\u00bb. Cette formation est reconnue par la R\u00e9gion Wallonne (Minist\u00e8re de l&rsquo;Agriculture, de la Nature, de la For\u00eat, de la Ruralit\u00e9).<\/p>\n<p style=\"text-align: justify;\">Ces cours ont pour but de pr\u00e9parer les conducteurs de chien \u00e0 mieux conna\u00eetre le milieu de chasse dans lequel ils vont \u00e9voluer.<\/p>\n<p style=\"text-align: justify;\">La formation est destin\u00e9e aux conducteurs de chiens de chasse \u00ab\u00a0Retrievers\u00a0\u00bb \u00ab\u00a0Springer Spaniels\u00a0\u00bb et \u00ab\u00a0Chiens d&rsquo;arr\u00eat\u00a0\u00bb, tous les chiens des <a href=\"http:\/\/www.fci.be\/fr\/Nomenclature\/\" target=\"_blank\" rel=\"noopener noreferrer\">groupes 3, 4, 6, 7 et 8.<\/a><\/p>\n<p style=\"text-align: justify;\">M\u00eame si certains cours sont consacr\u00e9s \u00e0 la chasse, la plupart des cours int\u00e9resseront l&rsquo;ensemble des membres non chasseurs, comme la connaissance du chien, l&rsquo;\u00e9thologie, l&rsquo;\u00e9ducation du chien, la g\u00e9n\u00e9tique et les maladies du chien.<\/p>\n<p style=\"text-align: justify;\">Tout membre est donc fortement encourag\u00e9 \u00e0 suivre ce s\u00e9minaire d\u00e8s la 1\u00e8re ann\u00e9e de son inscription.<\/p>\n<p style=\"text-align: justify;\">Cette formation est suivie, pour ceux qui le souhaitent, d&rsquo;un examen th\u00e9orique et d&rsquo;un test pratique sur le terrain (travail \u00e0 l&rsquo;eau et au sol).<img loading=\"lazy\" decoding=\"async\" class=\"alignright\" src=\"https:\/\/www.clubugc.be\/wp-content\/uploads\/2018\/06\/Formation.jpg\" alt=\"\" width=\"554\" height=\"249\" \/>\u00a0Suite \u00e0 la r\u00e9ussite de ces 2 \u00e9preuves, le conducteur devra \u00eatre parrain\u00e9 dans une chasse r\u00e9elle, sous la surveillance de 2 juges.<\/p>\n<p style=\"text-align: justify;\">Apr\u00e8s la r\u00e9ussite de toutes ces \u00e9preuves, le conducteur recevra un brevet officiel d\u00e9livr\u00e9 et sign\u00e9 par le Ministre. Il deviendra ainsi conducteur agr\u00e9\u00e9 \u00e0 la recherche au petit gibier. Il aura alors acc\u00e8s aux chasses o\u00f9 le club est invit\u00e9 \u00e0 assurer le ramassage du gibier tir\u00e9 (<em>picking up<\/em>).<\/p>\n<p><a href=\"https:\/\/www.clubugc.be\/wp-content\/uploads\/2024\/05\/programme-ramassage-petit-gibier-2024-def.pdf\">Programme du S\u00e9minaire 2024<\/a><br \/>\n<a href=\"https:\/\/www.clubugc.be\/wp-content\/uploads\/2018\/07\/Examen-recherche-petit-gibier-diposition-et-r\u00e8glement.pdf\" target=\"_blank\" rel=\"noopener noreferrer\">Dispositions et r\u00e8glements<\/a><br \/>\n<a href=\"https:\/\/www.clubugc.be\/wp-content\/uploads\/2024\/05\/charte-du-ramasseur-2023.pdf\" target=\"_blank\" rel=\"noopener noreferrer\">Charte du Ramasseur<\/a><img loading=\"lazy\" decoding=\"async\" class=\"aligncenter\" src=\"https:\/\/www.clubugc.be\/wp-content\/uploads\/2018\/11\/soutien2_v_fr.jpg\" alt=\"\" width=\"115\" height=\"141\" \/><a id=\"Molitor\"><\/a><\/p>\n<div id=\"sconnect-is-installed\" style=\"display: none;\">2.12.0.0<\/div>\n<div id=\"sconnect-is-installed\" style=\"display: none;\">2.12.0.0<\/div>\n<div id=\"ConnectiveDocSignExtentionInstalled\" data-extension-version=\"1.0.4\"><\/div>\n<div id=\"sconnect-is-installed\" style=\"display: none;\">2.12.0.0<\/div>\n<p>[\/vc_column_text][vc_text_separator title=\u00a0\u00bb\u00a0\u00bb color=\u00a0\u00bbcustom\u00a0\u00bb accent_color=\u00a0\u00bb#fdfeeb\u00a0\u00bb][vc_column_text]<\/p>\n<h1><span style=\"color: #fdfeeb;\">Prix Molitor<\/span><\/h1>\n<p>Le prix Molitor a \u00e9t\u00e9 cr\u00e9\u00e9 par un ancien moniteur de l&rsquo;UGC, Monsieur Etienne Molitor, afin de r\u00e9compenser un chien.<br \/>\nCe ne serait pas le meilleur chien, mais bien le chien qui a montr\u00e9 les plus grands progr\u00e8s, la meilleure assiduit\u00e9 et un tr\u00e8s bon potentiel.<br \/>\nLa r\u00e9gularit\u00e9 de son conducteur est aussi prise en compte.<br \/>\nAinsi chaque ann\u00e9e, au cours de l&rsquo;Assembl\u00e9e G\u00e9n\u00e9rale, le Prix Molitor est d\u00e9cern\u00e9.<a id=\"Consignes\" style=\"color: #000000;\"><\/a><\/p>\n<p>[\/vc_column_text][vc_btn title=\u00a0\u00bb2022&Prime; link=\u00a0\u00bburl:https%3A%2F%2Fwww.clubugc.be%2Findex.php%2Fprix-molitor-2022%2F|title:Prix%20Molitor%202022&Prime;][vc_btn title=\u00a0\u00bb2023&Prime; link=\u00a0\u00bburl:https%3A%2F%2Fwww.clubugc.be%2Findex.php%2Fprix-molitor-2023%2F|title:Prix%20Molitor%202023&Prime;][vc_btn title=\u00a0\u00bb2024&Prime; link=\u00a0\u00bburl:https%3A%2F%2Fwww.clubugc.be%2Findex.php%2Fprix-molitor-2024|title:Prix%20Molitor%202024&Prime;][vc_btn title=\u00a0\u00bb2025&Prime; link=\u00a0\u00bburl:https%3A%2F%2Fwww.clubugc.be%2Findex.php%2Fprix-molitor-2025%2F|title:Prix%20Molitor%202025&Prime;][vc_btn title=\u00a0\u00bb2026&Prime; link=\u00a0\u00bburl:https%3A%2F%2Fwww.clubugc.be%2Findex.php%2Fprix-molitor-2026|title:Prix%20Molitor%202026&Prime;][\/vc_column][\/vc_row][vc_row][vc_column][vc_column_text][\/vc_column_text][vc_text_separator title=\u00a0\u00bb\u00a0\u00bb color=\u00a0\u00bbcustom\u00a0\u00bb accent_color=\u00a0\u00bb#fdfeeb\u00a0\u00bb][vc_column_text]<\/p>\n<h1><span style=\"color: #fdfeeb;\">Consignes<\/span><\/h1>\n<p>[\/vc_column_text][\/vc_column][\/vc_row][vc_row][vc_column width=\u00a0\u00bb1\/2&Prime;][vc_column_text]<\/p>\n<p style=\"text-align: justify;\"><img loading=\"lazy\" decoding=\"async\" class=\"alignleft\" src=\"https:\/\/www.clubugc.be\/wp-content\/uploads\/2018\/03\/clock.png\" alt=\"\" width=\"60\" height=\"60\" \/>Arriver\u00a0<b>15 minutes avant la le\u00e7on.<\/b><\/p>\n<p>.[\/vc_column_text][vc_column_text]<img decoding=\"async\" class=\"alignleft\" src=\"https:\/\/www.clubugc.be\/wp-content\/uploads\/2018\/03\/obstacle.png\" alt=\"\" \/>Ne jamais utiliser les obstacles sans la pr\u00e9sence d\u2019un moniteur.[\/vc_column_text][vc_column_text]<strong><img decoding=\"async\" class=\"alignleft\" src=\"https:\/\/www.clubugc.be\/wp-content\/uploads\/2018\/03\/assurance.png\" alt=\"\" \/>Avoir une assurance \u00ab\u00a0familiale\u00a0\u00bb<\/strong>\u00a0couvrant tous les probl\u00e8mes pouvant \u00eatre occasionn\u00e9s par le chien et\/ou les membres de la famille, d\u00e9g\u00e2ts, accidents, avant, pendant et apr\u00e8s la le\u00e7on ou toutes autres activit\u00e9s ludiques.[\/vc_column_text][vc_column_text]<img loading=\"lazy\" decoding=\"async\" class=\"alignleft\" src=\"https:\/\/www.clubugc.be\/wp-content\/uploads\/2018\/06\/Car-2-icon.png\" alt=\"\" width=\"64\" height=\"64\" \/>Merci de laisser votre voiture <strong>le long de la route<\/strong>, en veillant \u00e0 ne pas d\u00e9ranger les voisins proches du club.[\/vc_column_text][\/vc_column][vc_column width=\u00a0\u00bb1\/2&Prime;][vc_column_text]<\/p>\n<p style=\"text-align: justify;\"><img decoding=\"async\" class=\"alignleft\" src=\"https:\/\/www.clubugc.be\/wp-content\/uploads\/2018\/03\/Toilet-Paper.png\" alt=\"\" \/>Se lever assez t\u00f4t pour\u00a0<strong>promener son chien<\/strong>\u00a0afin qu\u2019il\u00a0<strong>fasse ses besoins dans son endroit habituel avant de venir au club.<\/strong><\/p>\n<p style=\"text-align: justify;\">Si le chien fait ses besoins sur le terrain avant, pendant ou apr\u00e8s la le\u00e7on, son ma\u00eetre est pri\u00e9 de les \u00e9vacuer dans un sac en plastique \u00e0 placer pr\u00e8s de sa voiture (pour les emporter ensuite vers sa propre poubelle).<\/p>\n<p>[\/vc_column_text][vc_column_text]<\/p>\n<p style=\"text-align: justify;\"><strong><img decoding=\"async\" class=\"alignleft\" src=\"https:\/\/www.clubugc.be\/wp-content\/uploads\/2018\/03\/vaccin.png\" alt=\"\" \/>Etre en r\u00e8gle de vaccination.<\/strong><\/p>\n<p style=\"text-align: justify;\"><strong>Ne pas se pr\u00e9senter au club avec une chienne &lsquo;en chaleur&rsquo;<\/strong>.<\/p>\n<p>[\/vc_column_text][vc_column_text]<\/p>\n<p style=\"text-align: justify;\"><img decoding=\"async\" class=\"alignleft\" src=\"https:\/\/www.clubugc.be\/wp-content\/uploads\/2018\/03\/talk.png\" alt=\"\" \/>En cons\u00e9quence,\u00a0<strong>l\u2019United Gundog Club ASBL d\u00e9cline toute responsabilit\u00e9 en cas d\u2019accident survenant pendant les cours<\/strong>.<\/p>\n<p>[\/vc_column_text][\/vc_column][\/vc_row][vc_row][vc_column][vc_column_text]<\/p>\n<div id=\"sconnect-is-installed\" style=\"display: none;\">2.12.0.0<\/div>\n<p>[\/vc_column_text][\/vc_column][\/vc_row][vc_row][vc_column][vc_column_text]<\/p>\n<div id=\"sconnect-is-installed\" style=\"display: none;\">2.12.0.0<\/div>\n<div id=\"ConnectiveDocSignExtentionInstalled\" data-extension-version=\"1.0.4\"><\/div>\n<p>[\/vc_column_text][\/vc_column][\/vc_row][vc_row][vc_column][vc_column_text]<\/p>\n<div id=\"sconnect-is-installed\" style=\"display: none;\">2.12.0.0<\/div>\n<div id=\"ConnectiveDocSignExtentionInstalled\" data-extension-version=\"1.0.4\"><\/div>\n<div id=\"sconnect-is-installed\" style=\"display: none;\">2.12.0.0<\/div>\n<div id=\"ConnectiveDocSignExtentionInstalled\" data-extension-version=\"1.0.4\"><\/div>\n<div id=\"sconnect-is-installed\" style=\"display: none;\">2.12.0.0<\/div>\n<div id=\"ConnectiveDocSignExtentionInstalled\" data-extension-version=\"1.0.4\"><\/div>\n<div id=\"sconnect-is-installed\" style=\"display: none;\">2.12.0.0<\/div>\n<div id=\"ConnectiveDocSignExtentionInstalled\" data-extension-version=\"1.0.4\"><\/div>\n<p>[\/vc_column_text][\/vc_column][\/vc_row][vc_row][vc_column][vc_column_text]<\/p>\n<div id=\"ConnectiveDocSignExtentionInstalled\" data-extension-version=\"1.0.4\"><\/div>\n<div id=\"sconnect-is-installed\" style=\"display: none;\">2.12.0.0<\/div>\n<p>[\/vc_column_text][\/vc_column][\/vc_row]<\/p>\n","protected":false},"excerpt":{"rendered":"<p>[vc_row][vc_column][vc_column_text] Nos cours [\/vc_column_text][\/vc_column][\/vc_row][vc_row css=\u00a0\u00bb.vc_custom_1545409233380{margin-bottom: 10px !important;border-top-width: 1px !important;border-right-width: 1px !important;border-bottom-width: 1px !important;border-left-width: 1px !important;background-color: #727341 !important;border-left-color: #fdfeeb !important;border-left-style: solid !important;border-right-color: #fdfeeb !important;border-right-style: solid !important;border-top-color:&hellip;<\/p>\n","protected":false},"author":6339,"featured_media":0,"parent":0,"menu_order":0,"comment_status":"closed","ping_status":"closed","template":"","meta":{"footnotes":""},"class_list":["post-1844","page","type-page","status-publish","hentry"],"_links":{"self":[{"href":"https:\/\/www.clubugc.be\/index.php\/wp-json\/wp\/v2\/pages\/1844","targetHints":{"allow":["GET"]}}],"collection":[{"href":"https:\/\/www.clubugc.be\/index.php\/wp-json\/wp\/v2\/pages"}],"about":[{"href":"https:\/\/www.clubugc.be\/index.php\/wp-json\/wp\/v2\/types\/page"}],"author":[{"embeddable":true,"href":"https:\/\/www.clubugc.be\/index.php\/wp-json\/wp\/v2\/users\/6339"}],"replies":[{"embeddable":true,"href":"https:\/\/www.clubugc.be\/index.php\/wp-json\/wp\/v2\/comments?post=1844"}],"version-history":[{"count":100,"href":"https:\/\/www.clubugc.be\/index.php\/wp-json\/wp\/v2\/pages\/1844\/revisions"}],"predecessor-version":[{"id":3571,"href":"https:\/\/www.clubugc.be\/index.php\/wp-json\/wp\/v2\/pages\/1844\/revisions\/3571"}],"wp:attachment":[{"href":"https:\/\/www.clubugc.be\/index.php\/wp-json\/wp\/v2\/media?parent=1844"}],"curies":[{"name":"wp","href":"https:\/\/api.w.org\/{rel}","templated":true}]}}