{"id":1488,"date":"2018-11-07T11:53:28","date_gmt":"2018-11-07T10:53:28","guid":{"rendered":"https:\/\/www.clubugc.be\/?page_id=1488"},"modified":"2026-03-29T19:26:50","modified_gmt":"2026-03-29T17:26:50","slug":"prix-molitor-2019","status":"publish","type":"page","link":"https:\/\/www.clubugc.be\/index.php\/prix-molitor-2019\/","title":{"rendered":"Prix Molitor 2019"},"content":{"rendered":"<p>[vc_row gap=\u00a0\u00bb20&Prime; equal_height=\u00a0\u00bbyes\u00a0\u00bb][vc_column css=\u00a0\u00bb.vc_custom_1542878004202{background-position: center !important;background-repeat: no-repeat !important;background-size: cover !important;}\u00a0\u00bb][vc_custom_heading text=\u00a0\u00bb\u00a0\u00bb font_container=\u00a0\u00bbtag:h1|text_align:left|color:%23fdfeeb\u00a0\u00bb use_theme_fonts=\u00a0\u00bbyes\u00a0\u00bb css=\u00a0\u00bb.vc_custom_1572429433561{padding-right: 35px !important;padding-left: 35px !important;}\u00a0\u00bb][vc_column_text css=\u00a0\u00bb.vc_custom_1572429489140{padding-right: 35px !important;padding-left: 35px !important;}\u00a0\u00bb]<\/p>\n<p style=\"text-align: left;\"><span style=\"color: #fdfeeb;\">Sylvie et Pomme <\/span><\/p>\n<p>[\/vc_column_text][\/vc_column][\/vc_row][vc_row][vc_column][vc_media_grid grid_id=\u00a0\u00bbvc_gid:1572434194855-d0c11404-6caa-10&Prime; include=\u00a0\u00bb2630&Prime;][vc_column_text]<\/p>\n<p style=\"text-align: justify;\">Aid\u00e9e par une amie,<span class=\"m_5558685452599427657gmaildefault\">\u00a0<\/span>nous avons d\u00e9nich\u00e9 Pomme dans le nord de la France,<span class=\"m_5558685452599427657gmaildefault\">\u00a0<\/span>pr\u00e8s de la mer,<span class=\"m_5558685452599427657gmaildefault\">\u00a0<\/span>o\u00f9 elle d\u00e9barqua un 6 juin &#8230;<\/p>\n<p style=\"text-align: justify;\">Il y a juste trois ans!<\/p>\n<p style=\"text-align: justify;\">De son vrai nom Miss Pomme du Taillis Madame\u00a0 (l\u2019ann\u00e9e des noms en P en Belgique correspondait \u00e0 l\u2019ann\u00e9e de M en France)<span class=\"m_5558685452599427657gmaildefault\">\u00a0<\/span>\u00e9tait issue d\u2019une lign\u00e9e de\u00a0<span class=\"m_5558685452599427657gmaildefault\">L<\/span>abrador<span class=\"m_5558685452599427657gmaildefault\">s<\/span>\u00a0de travail&#8230;<br \/>\nJ\u2019allais peut-\u00eatre enfin avoir des chances de r\u00e9ussir son \u00e9ducation !<br \/>\nAnglaise par son p\u00e8re\u00a0<span class=\"m_5558685452599427657gmaildefault\">W<\/span>ell, on retrouve par sa m\u00e8re Cedarwood\u00a0<span class=\"m_5558685452599427657gmaildefault\">M<\/span>ogambo<span class=\"m_5558685452599427657gmaildefault\">,<\/span>\u00a0Chim\u00e8ne du taillis Madame.<span class=\"m_5558685452599427657gmaildefault\">\u00a0\u00a0<\/span>Plus haut Victor de la tour Farmina,<span class=\"m_5558685452599427657gmaildefault\">\u00a0<\/span>Macduff Donalban ainsi que Prune et Myrtille Planchevienne qui nous donn\u00e8rent l\u2019id\u00e9e de la baptiser Pomme !<br \/>\nJ\u2019adore tous ces noms comiques !!!<\/p>\n<p style=\"text-align: justify;\">Quatri\u00e8me chien de famille avant tout,<span class=\"m_5558685452599427657gmaildefault\">\u00a0<\/span>notre nouvelle boule de poils chocolat fait \u00e9videmment la joie de nos enfants et petits-enfants !<br \/>\nTimide \u00e0 la base,<span class=\"m_5558685452599427657gmaildefault\">\u00a0<\/span>elle \u00e9volua bien vite vers une chienne \u00e9quilibr\u00e9e quelque peu prudente&#8230;<\/p>\n<p style=\"text-align: justify;\">Aujourd\u2019hui elle \u00e9tonne !<br \/>\nMontrant de la voix face \u00e0 un intrus,<span class=\"m_5558685452599427657gmaildefault\">\u00a0<\/span>marchant fi\u00e8rement en rue aux pieds quasi sans laisse sous l\u2019\u0153il jaloux des voisins et se glissant m\u00eame finalement dans l\u2019eau comme une grosse loutre&#8230;<\/p>\n<p style=\"text-align: justify;\">Tout ceci \u00e9tant le r\u00e9sultat de l\u2019excellente \u00e9ducation re\u00e7ue b\u00e9n\u00e9volement par les moniteurs et les chiens de l\u2019United Gundog Club !<\/p>\n<p style=\"text-align: justify;\">Trois ans aujourd\u2019hui jour pour jour !<br \/>\nTout en douceur, par tous temps,<span class=\"m_5558685452599427657gmaildefault\">\u00a0<\/span>dimanche apr\u00e8s dimanche,<br \/>\nDu cours de 10 h \u00e0 celui de 11h<span class=\"m_5558685452599427657gmaildefault\">,<\/span><br \/>\nDe l\u2019\u00e9ducation,<span class=\"m_5558685452599427657gmaildefault\">\u00a0<\/span>la socialisation \u00e0 l\u2019ob\u00e9issance<span class=\"m_5558685452599427657gmaildefault\">,<\/span><br \/>\nPuis de l\u2019entrainement de recherche et rapport du samedi au prochain parrainage<span class=\"m_5558685452599427657gmaildefault\">,<\/span><br \/>\nEn passant par le weekend de formation\u00a0<span class=\"m_5558685452599427657gmaildefault\">subsidi\u00e9 par<\/span>\u00a0la\u00a0<span class=\"m_5558685452599427657gmaildefault\">R<\/span>\u00e9gion\u00a0<span class=\"m_5558685452599427657gmaildefault\">W<\/span>allonne et celui des\u00a0<span class=\"m_5558685452599427657gmaildefault\">P<\/span>remiers soins,<br \/>\nEt ce n\u2019est pas fini car il parait qu\u2019il faut compter autant d\u2019ann\u00e9es d\u2019\u00e9ducation que le\u00a0<span class=\"m_5558685452599427657gmaildefault\">L<\/span>abrador a de pattes !<\/p>\n<p style=\"text-align: justify;\">Et dire que je ne comptais que rester un an comme avec mes autres chiens&#8230;<\/p>\n<p style=\"text-align: justify;\">Jamais je n\u2019aurais pu construire une telle complicit\u00e9 !<br \/>\nJamais je n\u2019aurais lu autant d\u2019amour au fond de ses yeux !<br \/>\nJamais,<span class=\"m_5558685452599427657gmaildefault\">\u00a0<\/span>au grand jamais je n\u2019aurais d\u00e9couvert ce merveilleux will to please !!!<\/p>\n<p style=\"text-align: justify;\">Car en fin de compte je crois qu\u2019elle adore tout ceci et en redemande&#8230;<br \/>\nEnsemble avec\u00a0<span class=\"m_5558685452599427657gmaildefault\">L<\/span>asca,<span class=\"m_5558685452599427657gmaildefault\">\u00a0G<\/span>inger,<span class=\"m_5558685452599427657gmaildefault\">\u00a0D<\/span>jango,<span class=\"m_5558685452599427657gmaildefault\">\u00a0S<\/span>pirou,<span class=\"m_5558685452599427657gmaildefault\">\u00a0P<\/span>eps,<span class=\"m_5558685452599427657gmaildefault\">\u00a0M<\/span>ajor,<span class=\"m_5558685452599427657gmaildefault\">\u00a0M<\/span>ilka,<span class=\"m_5558685452599427657gmaildefault\">\u00a0Oli<\/span>,<span class=\"m_5558685452599427657gmaildefault\">\u00a0O<\/span>pis,<span class=\"m_5558685452599427657gmaildefault\">\u00a0R<\/span>usty,<span class=\"m_5558685452599427657gmaildefault\">\u00a0Q<\/span>ili,<span class=\"m_5558685452599427657gmaildefault\">\u00a0N<\/span>a<span class=\"m_5558685452599427657gmaildefault\">z<\/span>ka,<span class=\"m_5558685452599427657gmaildefault\">\u00a0N<\/span>ala,<span class=\"m_5558685452599427657gmaildefault\">\u00a0Q<\/span>uinto,<span class=\"m_5558685452599427657gmaildefault\">\u00a0K<\/span>ito<br \/>\nEt bien entendu L\u00e9o,<span class=\"m_5558685452599427657gmaildefault\">\u00a0L<\/span>arry et Pacco ils forment une bien joyeuse meute ou tous s\u2019entraident et s\u2019\u00e9duquent sous l\u2019\u0153il amus\u00e9 de tous les membres !<\/p>\n<p style=\"text-align: justify;\">Et ce spectacle-l\u00e0<span class=\"m_5558685452599427657gmaildefault\">..<\/span>\u00a0 il est vraiment unique !<\/p>\n<p>[\/vc_column_text][\/vc_column][\/vc_row]<\/p>\n","protected":false},"excerpt":{"rendered":"<p>[vc_row gap=\u00a0\u00bb20&Prime; equal_height=\u00a0\u00bbyes\u00a0\u00bb][vc_column css=\u00a0\u00bb.vc_custom_1542878004202{background-position: center !important;background-repeat: no-repeat !important;background-size: cover !important;}\u00a0\u00bb][vc_custom_heading text=\u00a0\u00bb\u00a0\u00bb font_container=\u00a0\u00bbtag:h1|text_align:left|color:%23fdfeeb\u00a0\u00bb use_theme_fonts=\u00a0\u00bbyes\u00a0\u00bb css=\u00a0\u00bb.vc_custom_1572429433561{padding-right: 35px !important;padding-left: 35px !important;}\u00a0\u00bb][vc_column_text css=\u00a0\u00bb.vc_custom_1572429489140{padding-right: 35px !important;padding-left: 35px !important;}\u00a0\u00bb] Sylvie et&hellip;<\/p>\n","protected":false},"author":6339,"featured_media":0,"parent":0,"menu_order":0,"comment_status":"closed","ping_status":"closed","template":"","meta":{"footnotes":""},"class_list":["post-1488","page","type-page","status-publish","hentry"],"_links":{"self":[{"href":"https:\/\/www.clubugc.be\/index.php\/wp-json\/wp\/v2\/pages\/1488","targetHints":{"allow":["GET"]}}],"collection":[{"href":"https:\/\/www.clubugc.be\/index.php\/wp-json\/wp\/v2\/pages"}],"about":[{"href":"https:\/\/www.clubugc.be\/index.php\/wp-json\/wp\/v2\/types\/page"}],"author":[{"embeddable":true,"href":"https:\/\/www.clubugc.be\/index.php\/wp-json\/wp\/v2\/users\/6339"}],"replies":[{"embeddable":true,"href":"https:\/\/www.clubugc.be\/index.php\/wp-json\/wp\/v2\/comments?post=1488"}],"version-history":[{"count":20,"href":"https:\/\/www.clubugc.be\/index.php\/wp-json\/wp\/v2\/pages\/1488\/revisions"}],"predecessor-version":[{"id":2046,"href":"https:\/\/www.clubugc.be\/index.php\/wp-json\/wp\/v2\/pages\/1488\/revisions\/2046"}],"wp:attachment":[{"href":"https:\/\/www.clubugc.be\/index.php\/wp-json\/wp\/v2\/media?parent=1488"}],"curies":[{"name":"wp","href":"https:\/\/api.w.org\/{rel}","templated":true}]}}