{"id":1143,"date":"2018-06-27T22:08:00","date_gmt":"2018-06-27T20:08:00","guid":{"rendered":"https:\/\/www.clubugc.be\/?page_id=1143"},"modified":"2019-10-20T12:22:29","modified_gmt":"2019-10-20T10:22:29","slug":"mentions-legales","status":"publish","type":"page","link":"https:\/\/www.clubugc.be\/index.php\/mentions-legales\/","title":{"rendered":"Mentions l\u00e9gales"},"content":{"rendered":"<h1 style=\"text-align: justify;\">Conditions G\u00e9n\u00e9rales d\u2019Utilisation de clubugc.be asbl<\/h1>\n<p style=\"text-align: justify;\"><strong>Pr\u00e9sentation du site<\/strong><\/p>\n<p style=\"text-align: justify;\">Il est pr\u00e9cis\u00e9 aux utilisateurs du site clubugc.be l\u2019identit\u00e9 des diff\u00e9rents intervenants dans le cadre de sa r\u00e9alisation et de son suivi :<\/p>\n<ul style=\"text-align: justify;\">\n<li><strong>Propri\u00e9taire<\/strong>: United Gundog Club asbl \u2013 Chauss\u00e9e de Wavre, 393 &#8211; 1390 Grez-Doiceau<\/li>\n<li><strong>Nr d\u2019entreprise<\/strong>: BE\u00a00431.401.857<\/li>\n<li><strong>Cr\u00e9ateur<\/strong>:\u00a0United Gundog Club asbl<\/li>\n<li><strong>Responsable publication<\/strong>: United Gundog Club asbl<\/li>\n<li><strong>H\u00e9bergeur<\/strong>: OVH \u2013 Roubaix (FR)<\/li>\n<\/ul>\n<p style=\"text-align: justify;\"><strong>Conditions g\u00e9n\u00e9rales d\u2019utilisation du site<\/strong><\/p>\n<p style=\"text-align: justify;\">L\u2019utilisation du site\u00a0clubugc.be implique l\u2019acceptation pleine et enti\u00e8re des conditions g\u00e9n\u00e9rales d\u2019utilisation ci-apr\u00e8s d\u00e9crites. Ces conditions d\u2019utilisation sont susceptibles d\u2019\u00eatre modifi\u00e9es ou compl\u00e9t\u00e9es \u00e0 tout moment, les utilisateurs du site\u00a0clubugc.be sont donc invit\u00e9s \u00e0 les consulter de mani\u00e8re r\u00e9guli\u00e8re. Ce site est normalement accessible \u00e0 tout moment aux utilisateurs. Une interruption pour raison de maintenance technique peut \u00eatre toutefois d\u00e9cid\u00e9e par clubugc.be, qui s\u2019efforcera alors de communiquer pr\u00e9alablement aux utilisateurs les dates et heures de l\u2019intervention. Le site\u00a0clubugc.be est mis \u00e0 jour r\u00e9guli\u00e8rement par clubugc.be ou ses partenaires. De la m\u00eame fa\u00e7on, les mentions l\u00e9gales peuvent \u00eatre modifi\u00e9es \u00e0 tout moment : elles s\u2019imposent n\u00e9anmoins \u00e0 l\u2019utilisateur qui est invit\u00e9 \u00e0 s\u2019y r\u00e9f\u00e9rer le plus souvent possible afin d\u2019en prendre connaissance.<\/p>\n<p style=\"text-align: justify;\"><strong>Description des services fournis<\/strong><\/p>\n<p style=\"text-align: justify;\">Le site\u00a0clubugc.be a pour objet de fournir une information concernant l\u2019ensemble des activit\u00e9s du United Gundog Club asbl.\u00a0 United Gundog Club asbl s\u2019efforce de fournir sur le site\u00a0clubugc.be des informations aussi pr\u00e9cises que possible. Toutefois, il ne pourra \u00eatre tenu responsable des omissions, des inexactitudes et des carences dans la mise \u00e0 jour, qu\u2019elles soient de son fait ou du fait des tiers partenaires qui lui fournissent ces informations. Toutes les informations indiqu\u00e9es sur le site\u00a0clubugc.be sont donn\u00e9es \u00e0 titre indicatif, et sont susceptibles d\u2019\u00e9voluer. Par ailleurs, les renseignements figurant sur le site\u00a0clubugc.be ne sont pas exhaustifs. Ils sont donn\u00e9s sous r\u00e9serve de modifications ayant \u00e9t\u00e9 apport\u00e9es depuis leur mise en ligne.<\/p>\n<p style=\"text-align: justify;\"><strong>Limitations contractuelles sur les donn\u00e9es techniques<\/strong><\/p>\n<p style=\"text-align: justify;\">Le site Internet ne pourra \u00eatre tenu responsable de dommages mat\u00e9riels li\u00e9s \u00e0 l\u2019utilisation du site. De plus, l\u2019utilisateur du site s\u2019engage \u00e0 acc\u00e9der au site en utilisant un mat\u00e9riel r\u00e9cent, ne contenant pas de virus et avec un navigateur de derni\u00e8re g\u00e9n\u00e9ration mise \u00e0 jour.<\/p>\n<p style=\"text-align: justify;\"><strong>Propri\u00e9t\u00e9 intellectuelle et contrefa\u00e7ons<\/strong><\/p>\n<p style=\"text-align: justify;\">Sauf mention contraire, United Gundog Club asbl est propri\u00e9taire des droits de propri\u00e9t\u00e9 intellectuelle ou d\u00e9tient les droits d\u2019usage sur tous les \u00e9l\u00e9ments accessibles sur le site, notamment les textes, images, graphismes, logos, ic\u00f4nes, sons, logiciels. Toute reproduction, repr\u00e9sentation, modification, publication, adaptation de tout ou partie des \u00e9l\u00e9ments du site, quel que soit le moyen ou le proc\u00e9d\u00e9 utilis\u00e9, est interdite, sauf autorisation \u00e9crite pr\u00e9alable de United Gundog Club asbl. Toute exploitation non autoris\u00e9e du site ou de l\u2019un quelconque des \u00e9l\u00e9ments qu\u2019il contient sera consid\u00e9r\u00e9e comme constitutive d\u2019une contrefa\u00e7on et poursuivie conform\u00e9ment aux dispositions l\u00e9gales.<\/p>\n<p style=\"text-align: justify;\"><strong>Limitations de responsabilit\u00e9<\/strong><\/p>\n<p style=\"text-align: justify;\">United Gundog Club asbl ne pourra \u00eatre tenu responsable des dommages directs et indirects caus\u00e9s au mat\u00e9riel de l\u2019utilisateur, lors de l\u2019acc\u00e8s au site Clubugc.be, et r\u00e9sultant soit de l\u2019utilisation d\u2019un mat\u00e9riel ne r\u00e9pondant pas aux sp\u00e9cifications techniques normales et raisonnables, soit suite \u00e0 l\u2019apparition d\u2019un bug ou d\u2019une incompatibilit\u00e9. United Gundog Club asbl ne pourra \u00e9galement \u00eatre tenu responsable des dommages indirects (tels par exemple qu\u2019une perte de march\u00e9 ou perte d\u2019une chance) cons\u00e9cutifs \u00e0 l\u2019utilisation du site\u00a0Clubugc.be. Des espaces interactifs (possibilit\u00e9 de poser des questions dans l\u2019espace contact) peuvent \u00eatre mis \u00e0 la disposition des utilisateurs. United Gundog Club asbl se r\u00e9serve le droit de supprimer, sans mise en demeure pr\u00e9alable, tout contenu d\u00e9pos\u00e9 dans cet espace qui contreviendrait \u00e0 la l\u00e9gislation applicable en Belgique, en particulier aux dispositions relatives \u00e0 la protection des donn\u00e9es. Le cas \u00e9ch\u00e9ant, United Gundog Club asbl se r\u00e9serve \u00e9galement la possibilit\u00e9 de mettre en cause la responsabilit\u00e9 civile et\/ou p\u00e9nale de l\u2019utilisateur, notamment en cas de message \u00e0 caract\u00e8re raciste, injurieux, diffamant ou pornographique, quel que soit le m\u00e9dia utilis\u00e9 (texte, photographie, vid\u00e9o, etc.).<\/p>\n<p style=\"text-align: justify;\"><strong>Gestion des donn\u00e9es personnelles<\/strong><\/p>\n<p style=\"text-align: justify;\">A l\u2019occasion de l\u2019utilisation du site\u00a0Clubugc.be, peuvent \u00eatre recueillies :<\/p>\n<ul style=\"text-align: justify;\">\n<li>l\u2019URL des liens par l\u2019interm\u00e9diaire desquels l\u2019utilisateur a acc\u00e9d\u00e9 au site Clubugc.be, le fournisseur d\u2019acc\u00e8s de l\u2019utilisateur;<\/li>\n<li>l\u2019adresse de protocole Internet (IP) de l\u2019utilisateur;<\/li>\n<li>des donn\u00e9es techniques issues du navigateur telles que la taille de l\u2019\u00e9cran, la version du navigateur, le type de syst\u00e8me d\u2019exploitation de l\u2019utilisateur, etc.<\/li>\n<\/ul>\n<p style=\"text-align: justify;\">En tout \u00e9tat de cause United Gundog Club asbl ne collecte des informations personnelles relatives \u00e0 l\u2019utilisateur que pour le besoin de certains services internes ou propos\u00e9s par le site\u00a0Clubugc.be \u00a0et en particulier pour des besoins statistiques nous permettant d\u2019am\u00e9liorer constamment l\u2019exp\u00e9rience utilisateur.<\/p>\n<p style=\"text-align: justify;\">Par ailleurs, au travers de certains formulaires en ligne, United Gundog Club asbl collecte des donn\u00e9es personnelles strictement n\u00e9cessaires \u00e0 la finalit\u00e9 pour laquelle ces donn\u00e9es sont demand\u00e9es.<\/p>\n<p style=\"text-align: justify;\">L\u2019utilisateur fournit ces informations en toute connaissance de cause, notamment lorsqu\u2019il proc\u00e8de par lui-m\u00eame \u00e0 leur saisie. Lors de chaque demande de donn\u00e9es, un rappel \u00e0 cette notice l\u00e9gale sera rappel\u00e9 et un consentement clair, explicite et non ambigu sera demand\u00e9 \u00e0 l\u2019utilisateur. La preuve de ce consentement sera mat\u00e9rialis\u00e9e par une demande de confirmation par mail dont la trace sera conserv\u00e9e par United Gundog Club asbl \u00e0 des fins de journalisation.<\/p>\n<p style=\"text-align: justify;\">Le r\u00e8glement 2016\/679 sur la protection des donn\u00e9es personnelles (RGPD) est entr\u00e9 en vigueur le 25 mai 2018 dans tous les \u00c9tats membres de l\u2019Union europ\u00e9enne.\u00a0 Dans ce cadre, vous disposez d\u2019une s\u00e9rie de droits, notamment, d\u2019acc\u00e8s, de rectification, de suppression, d\u2019oubli, de limitation d\u2019usage ou de portabilit\u00e9 des donn\u00e9es personnelles vous concernant. Aucune information personnelle de l\u2019utilisateur du site\u00a0Clubugc.be n\u2019est publi\u00e9e \u00e0 l\u2019insu de l\u2019utilisateur, \u00e9chang\u00e9e, transf\u00e9r\u00e9e, c\u00e9d\u00e9e ou vendue sur un support quelconque \u00e0 des tiers.<\/p>\n<p style=\"text-align: justify;\"><strong>Cookies<\/strong><\/p>\n<p style=\"text-align: justify;\">La navigation sur le site\u00a0Clubugc.be\u00a0 est susceptible de provoquer l\u2019installation de cookie(s) sur l\u2019ordinateur de l\u2019utilisateur. Un cookie est un fichier de petite taille, qui ne permet pas l\u2019identification de l\u2019utilisateur, mais qui enregistre des informations relatives \u00e0 la navigation d\u2019un ordinateur sur un site. Les donn\u00e9es ainsi obtenues visent \u00e0 faciliter la navigation ult\u00e9rieure sur le site, et ont \u00e9galement vocation \u00e0 permettre diverses mesures de fr\u00e9quentation. Le refus d\u2019installation d\u2019un cookie peut entra\u00eener l\u2019impossibilit\u00e9 d\u2019acc\u00e9der \u00e0 certains services. L\u2019utilisateur peut toutefois configurer son ordinateur et son navigateur afin limiter, suspendre ou interdire l\u2019installation des cookies. Nous vous prions de vous r\u00e9f\u00e9rencer au manuel en ligne ou \u00e0 l\u2019aide en ligne (fonction \u00ab\u00a0aide\u00a0\u00bb ou \u00ab\u00a0help\u00a0\u00bb) de votre navigateur.<\/p>\n<p style=\"text-align: justify;\">Listes des Cookies connus sur ce site :<\/p>\n<ul style=\"text-align: justify;\">\n<li>\u00ab\u00a0_GA\u00a0\u00bb et \u00ab\u00a0_GAT\u00a0\u00bb : il s\u2019agit de 2\u00a0cookies pos\u00e9s par l\u2019application Google Analytics, notre outil de mesure d\u2019audience et de statistique.<\/li>\n<li>\u00ab\u00a0720planD\u00a0\u00bb et \u00ab\u00a0720planBAK\u00a0\u00bb : il s\u2019agit de 2 cookies techniques dont l\u2019usage est propre \u00e0 notre h\u00e9bergeur OVH \u00e0 Roubaix (FR) et qui permet, entre autres, d\u2019assurer la r\u00e9partition de la charge sur les serveurs.<\/li>\n<\/ul>\n<p style=\"text-align: justify;\">Cette liste est contr\u00f4l\u00e9e et mise \u00e0 jour r\u00e9guli\u00e8rement. Toutefois il est \u00e0 noter que malgr\u00e9 toute notre vigilance, des cookies install\u00e9s par des tiers de confiance peuvent \u00e9chapper \u00e0 notre contr\u00f4le.<\/p>\n<p style=\"text-align: justify;\"><strong>Hyperliens<\/strong><\/p>\n<p style=\"text-align: justify;\">Nous proposons, \u00e0 titre de r\u00e9f\u00e9rence ou de compl\u00e9ment d\u2019information, des hyperliens vers des sites tiers. Cet usage est fait en toute bonne foi afin de prolonger l\u2019information pr\u00e9sente sur Clubugc.be\u00a0 \u00e0 partir de site Web notoirement public. S\u2019il tel ne devait pas \u00eatre le cas ou si l\u2019auteur d\u2019un site tiers li\u00e9 souhaite que certains liens vers les sites dont il\u00a0aurait la responsabilit\u00e9, il peut\u00a0de nous pr\u00e9venir au moyen du formulaire de contact afin que nous proc\u00e9dions \u00e0 la suppression des hyperliens incrimin\u00e9s dans les meilleurs d\u00e9lais.<\/p>\n<p style=\"text-align: justify;\"><strong>Droit applicable et attribution de juridiction<\/strong><\/p>\n<p style=\"text-align: justify;\">Tout litige en relation avec l\u2019utilisation du site\u00a0Clubugc.be\u00a0 est soumis au droit belge. Il est fait attribution exclusive de juridiction aux tribunaux comp\u00e9tents de\u00a0Nivelles.<\/p>\n<p style=\"text-align: justify;\"><strong>\u00c9change de courrier \u00e9lectronique (courriel)<\/strong><\/p>\n<p style=\"text-align: justify;\">Les informations communiqu\u00e9es dans les courriels envoy\u00e9s par United Gundog Club asbl sont r\u00e9serv\u00e9es aux seul(s) destinataire(s) d\u00e9sign\u00e9(s) dans celui-ci, elles peuvent \u00eatre confidentielles, prot\u00e9g\u00e9es par le secret professionnel ou constituer un Secret d\u2019Affaires, et leur divulgation interdite. Si vous n\u2019\u00eates pas le(s) destinataire(s) d\u00e9sign\u00e9(s) d\u2019un message, sa redistribution et tout usage de son contenu (conservation, reproduction, diffusion, divulgation, totale ou partielle, etc.) sont interdits, veuillez d\u00e9truire toute copie en votre possession et informez imm\u00e9diatement son \u00e9metteur que vous avez re\u00e7u ce message par erreur.<\/p>\n<p style=\"text-align: justify;\">\u00a9 United Gundog Club asbl &#8211; All Rights Reserved.<br \/>\nVieille rue 13 &#8211; 1450 Chastre<\/p>\n<p style=\"text-align: justify;\">\n","protected":false},"excerpt":{"rendered":"<p>Conditions G\u00e9n\u00e9rales d\u2019Utilisation de clubugc.be asbl Pr\u00e9sentation du site Il est pr\u00e9cis\u00e9 aux utilisateurs du site clubugc.be l\u2019identit\u00e9 des diff\u00e9rents intervenants dans le cadre de&hellip;<\/p>\n","protected":false},"author":6339,"featured_media":0,"parent":0,"menu_order":0,"comment_status":"closed","ping_status":"closed","template":"","meta":{"footnotes":""},"class_list":["post-1143","page","type-page","status-publish","hentry"],"_links":{"self":[{"href":"https:\/\/www.clubugc.be\/index.php\/wp-json\/wp\/v2\/pages\/1143","targetHints":{"allow":["GET"]}}],"collection":[{"href":"https:\/\/www.clubugc.be\/index.php\/wp-json\/wp\/v2\/pages"}],"about":[{"href":"https:\/\/www.clubugc.be\/index.php\/wp-json\/wp\/v2\/types\/page"}],"author":[{"embeddable":true,"href":"https:\/\/www.clubugc.be\/index.php\/wp-json\/wp\/v2\/users\/6339"}],"replies":[{"embeddable":true,"href":"https:\/\/www.clubugc.be\/index.php\/wp-json\/wp\/v2\/comments?post=1143"}],"version-history":[{"count":6,"href":"https:\/\/www.clubugc.be\/index.php\/wp-json\/wp\/v2\/pages\/1143\/revisions"}],"predecessor-version":[{"id":2714,"href":"https:\/\/www.clubugc.be\/index.php\/wp-json\/wp\/v2\/pages\/1143\/revisions\/2714"}],"wp:attachment":[{"href":"https:\/\/www.clubugc.be\/index.php\/wp-json\/wp\/v2\/media?parent=1143"}],"curies":[{"name":"wp","href":"https:\/\/api.w.org\/{rel}","templated":true}]}}